{"id":1201,"date":"2026-03-16T17:14:22","date_gmt":"2026-03-16T22:14:22","guid":{"rendered":"https:\/\/esp.championforest.org\/updates\/?page_id=1201"},"modified":"2026-04-03T08:49:41","modified_gmt":"2026-04-03T13:49:41","slug":"cgl","status":"publish","type":"page","link":"https:\/\/esp.championforest.org\/updates\/cgl\/","title":{"rendered":"Cumbre Global de Liderazgo &#8211; Sede Houston"},"content":{"rendered":"\n<p><\/p>\n\n\n<div class=\"wp-block-image is-style-default\">\n<figure class=\"aligncenter size-full is-resized\"><a href=\"https:\/\/esp.championforest.org\/updates\/wp-content\/uploads\/2026\/03\/GLS25_Email-Banner_1200x300_01_-Spanish-intl-small.jpg\"><img loading=\"lazy\" decoding=\"async\" width=\"832\" height=\"300\" src=\"https:\/\/esp.championforest.org\/updates\/wp-content\/uploads\/2026\/03\/GLS25_Email-Banner_1200x300_01_-Spanish-intl-small.jpg\" alt=\"\" class=\"wp-image-1202\" style=\"width:600px\" srcset=\"https:\/\/esp.championforest.org\/updates\/wp-content\/uploads\/2026\/03\/GLS25_Email-Banner_1200x300_01_-Spanish-intl-small.jpg 832w, https:\/\/esp.championforest.org\/updates\/wp-content\/uploads\/2026\/03\/GLS25_Email-Banner_1200x300_01_-Spanish-intl-small-300x108.jpg 300w, https:\/\/esp.championforest.org\/updates\/wp-content\/uploads\/2026\/03\/GLS25_Email-Banner_1200x300_01_-Spanish-intl-small-768x277.jpg 768w\" sizes=\"auto, (max-width: 832px) 100vw, 832px\" \/><\/a><\/figure>\n<\/div>\n\n\n<div class=\"wp-block-group\"><div class=\"wp-block-group__inner-container is-layout-flow wp-block-group-is-layout-flow\">\n<p><\/p>\n\n\n\n<p class=\"has-text-align-left\" style=\"font-size:18px\">\u00a1La <strong>Cumbre Global de Liderazgo <\/strong>y <strong><strong>Champion Forest<\/strong> s<\/strong>e unen para poner a tu disposici\u00f3n un resumen de las sesiones m\u00e1s impactantes de la Cumbre 2025\/2026, titulada &#8220;<strong>S\u00e9 l\u00edder donde est\u00e9s<\/strong>&#8220;! Este evento global est\u00e1 siendo realizado durante estos meses en m\u00e1s de 1500 sedes, con traducci\u00f3n a m\u00e1s de 60 idiomas, alcanzando 120 pa\u00edses alrededor del mundo.<\/p>\n\n\n\n<p class=\"has-text-align-left\" style=\"font-size:18px\">\u00a1S\u00e9 parte de los l\u00edderes de todo el mundo que est\u00e1n creciendo en su liderazgo para servir mejor a Dios, a sus familias, y a sus comunidades! Compartiremos una ma\u00f1ana emocionante, aprovechando el contenido exclusivo en video de las sesiones de importantes conferencistas como el Pr. Craig Groeschel y otros, y disfrutaremos de din\u00e1micas sesiones interactivas en persona. Todo en Espa\u00f1ol.<\/p>\n\n\n\n<p><strong>D\u00cdA Y HORA<\/strong>: <span class=\"ugb-highlight\" style=\"color: #0693e3;\"><strong>S\u00e1bado 16 de mayo &#8211; 8:00 am a 1:30 pm<\/strong><\/span><\/p>\n\n\n\n<p><strong>LUGAR<\/strong>: <span class=\"ugb-highlight\" style=\"color: #0693e3;\"><strong>Iglesia Champion Forest<\/strong> <strong>sede North Klein<\/strong>. <strong>4515 Spring Stuebner Rd, Spring, TX 77389<\/strong><\/span><\/p>\n\n\n\n<p><strong>COSTO:<\/strong> <span class=\"ugb-highlight\"><strong style=\"color: rgb(6, 147, 227);\">Ticket con descuento especial (hasta el 3 de mayo): $20 \/ Costo regular $25 (durante las \u00faltimas semanas y el d\u00eda del evento<\/strong><\/span><span class=\"ugb-highlight\" style=\"color: #0693e3;\"><strong>)<\/strong><\/span><\/p>\n\n\n\n<p><strong>COSTO ESPECIAL PARA GRUPOS DE IGLESIAS (10 personas o m\u00e1s):<\/strong> <span class=\"ugb-highlight\"><strong style=\"color: rgb(6, 147, 227);\">Tickets para grupos con descuento especial (hasta el 3 de mayo): $15 \/ Costo regular $20 (durante las \u00faltimas semanas y el d\u00eda del evento<\/strong><\/span><span class=\"ugb-highlight\" style=\"color: #0693e3;\"><strong>)<\/strong><\/span><span class=\"ugb-highlight\" style=\"color: #0693e3;\"><\/span><\/p>\n\n\n\n<p><strong>ADMISI\u00d3N:<\/strong>  <span class=\"ugb-highlight\" style=\"color: #0693e3;\"><strong>Cupo limitado. La inscripci\u00f3n incluye sesiones con expositores en video y en persona, material del evento y snacks.<\/strong><\/span><\/p>\n\n\n\n<p><strong>HORARIOS:  <\/strong><\/p>\n\n\n\n<ul class=\"wp-block-list\">\n<li><span class=\"ugb-highlight\" style=\"color: #0693e3;\"><strong>7:30 am &#8211; Registro y tiempo de convivencia <\/strong><\/span><\/li>\n\n\n\n<li><span class=\"ugb-highlight\" style=\"color: #0693e3;\"><strong>7:45 am &#8211;  Ingreso al auditorio<\/strong><\/span><\/li>\n\n\n\n<li><span class=\"ugb-highlight\" style=\"color: #0693e3;\"><strong>8:00 am &#8211;  Inicio del programa<\/strong><\/span><\/li>\n\n\n\n<li><span class=\"ugb-highlight\" style=\"color: #0693e3;\"><strong>1:30 pm &#8211; Cierre del evento<\/strong><\/span><\/li>\n<\/ul>\n\n\n\n<p class=\"has-text-align-center\"><span class=\"ugb-highlight\" style=\"color: #abb8c3;\">______________________________________________<\/span><\/p>\n\n\n\n<div class=\"wp-block-buttons alignwide is-content-justification-center is-layout-flex wp-container-core-buttons-is-layout-16018d1d wp-block-buttons-is-layout-flex\">\n<div class=\"wp-block-button is-style-fill\"><a class=\"wp-block-button__link has-text-align-center wp-element-button\" href=\"https:\/\/www.tixtree.com\/e\/cumbre-global-de-liderazgo-s-lder-donde-ests-613324b74ad8\">REG\u00cdSTRATE AQU\u00cd<\/a><\/div>\n<\/div>\n\n\n\n<p class=\"has-text-align-center\"><span class=\"ugb-highlight\" style=\"color: #abb8c3;\">______________________________________________<\/span><\/p>\n\n\n\n<figure class=\"wp-block-video aligncenter\"><video height=\"360\" style=\"aspect-ratio: 640 \/ 360;\" width=\"640\" controls poster=\"https:\/\/esp.championforest.org\/updates\/wp-content\/uploads\/2026\/03\/Screenshot-video-promo-scaled.png\" src=\"https:\/\/esp.championforest.org\/updates\/wp-content\/uploads\/2026\/03\/GLS25_Low-Res-Promo_Spanish_Dubbing_v2-1080p.mp4\"><\/video><\/figure>\n\n\n<div class=\"wp-block-image\">\n<figure class=\"aligncenter size-large\"><img loading=\"lazy\" decoding=\"async\" width=\"819\" height=\"1024\" src=\"https:\/\/esp.championforest.org\/updates\/wp-content\/uploads\/2026\/03\/GLS25_Social_Quote_Craig-Groeschel-1-Spanish-819x1024.jpg\" alt=\"\" class=\"wp-image-1204\" srcset=\"https:\/\/esp.championforest.org\/updates\/wp-content\/uploads\/2026\/03\/GLS25_Social_Quote_Craig-Groeschel-1-Spanish-819x1024.jpg 819w, https:\/\/esp.championforest.org\/updates\/wp-content\/uploads\/2026\/03\/GLS25_Social_Quote_Craig-Groeschel-1-Spanish-240x300.jpg 240w, https:\/\/esp.championforest.org\/updates\/wp-content\/uploads\/2026\/03\/GLS25_Social_Quote_Craig-Groeschel-1-Spanish-768x960.jpg 768w, https:\/\/esp.championforest.org\/updates\/wp-content\/uploads\/2026\/03\/GLS25_Social_Quote_Craig-Groeschel-1-Spanish.jpg 1080w\" sizes=\"auto, (max-width: 819px) 100vw, 819px\" \/><\/figure>\n<\/div>\n\n\n<p class=\"has-text-align-center\"><span style=\"color: #abb8c3;\" class=\"ugb-highlight\">______________________________________________<\/span><\/p>\n\n\n\n<p><\/p>\n<\/div><\/div>\n\n\n\n<p class=\"has-text-align-center\">Si gustas m\u00e1s informaci\u00f3n, tienes comentarios o preguntas, ll\u00e1manos al 281.885.6752.<\/p>\n\n\n\n<p><\/p>\n\n\n<div class=\"wp-block-image is-style-default\">\n<figure class=\"aligncenter size-large is-resized\"><img loading=\"lazy\" decoding=\"async\" width=\"1024\" height=\"145\" src=\"https:\/\/esp.championforest.org\/updates\/wp-content\/uploads\/2025\/03\/CF-logo-small-centered-1-1024x145.jpg\" alt=\"\" class=\"wp-image-1042\" style=\"width:600px\" srcset=\"https:\/\/esp.championforest.org\/updates\/wp-content\/uploads\/2025\/03\/CF-logo-small-centered-1-1024x145.jpg 1024w, https:\/\/esp.championforest.org\/updates\/wp-content\/uploads\/2025\/03\/CF-logo-small-centered-1-300x43.jpg 300w, https:\/\/esp.championforest.org\/updates\/wp-content\/uploads\/2025\/03\/CF-logo-small-centered-1-768x109.jpg 768w, https:\/\/esp.championforest.org\/updates\/wp-content\/uploads\/2025\/03\/CF-logo-small-centered-1-1536x218.jpg 1536w, https:\/\/esp.championforest.org\/updates\/wp-content\/uploads\/2025\/03\/CF-logo-small-centered-1-2048x290.jpg 2048w\" sizes=\"auto, (max-width: 1024px) 100vw, 1024px\" \/><\/figure>\n<\/div>\n\n\n<p><\/p>\n","protected":false},"excerpt":{"rendered":"<p>\u00a1La Cumbre Global de Liderazgo y Champion Forest se unen para poner a tu disposici\u00f3n un resumen de las sesiones m\u00e1s impactantes de la Cumbre 2025\/2026, titulada &#8220;S\u00e9 l\u00edder donde est\u00e9s&#8220;! Este evento global est\u00e1 siendo realizado durante estos meses en m\u00e1s de 1500 sedes, con traducci\u00f3n a m\u00e1s de 60 idiomas, alcanzando 120 pa\u00edses &hellip; <a href=\"https:\/\/esp.championforest.org\/updates\/cgl\/\" class=\"more-link\">Continue reading <span class=\"screen-reader-text\">Cumbre Global de Liderazgo &#8211; Sede Houston<\/span><\/a><\/p>\n","protected":false},"author":3,"featured_media":1014,"parent":0,"menu_order":0,"comment_status":"closed","ping_status":"closed","template":"full-width-page.php","meta":{"footnotes":""},"class_list":["post-1201","page","type-page","status-publish","has-post-thumbnail","hentry"],"featured_image_urls":{"full":["https:\/\/esp.championforest.org\/updates\/wp-content\/uploads\/2025\/03\/CGL24-25-Fondo-de-Arte-Principal.jpg",1920,1080,false],"thumbnail":["https:\/\/esp.championforest.org\/updates\/wp-content\/uploads\/2025\/03\/CGL24-25-Fondo-de-Arte-Principal-150x150.jpg",150,150,true],"medium":["https:\/\/esp.championforest.org\/updates\/wp-content\/uploads\/2025\/03\/CGL24-25-Fondo-de-Arte-Principal-300x169.jpg",300,169,true],"medium_large":["https:\/\/esp.championforest.org\/updates\/wp-content\/uploads\/2025\/03\/CGL24-25-Fondo-de-Arte-Principal-768x432.jpg",768,432,true],"large":["https:\/\/esp.championforest.org\/updates\/wp-content\/uploads\/2025\/03\/CGL24-25-Fondo-de-Arte-Principal-1024x576.jpg",900,506,true],"1536x1536":["https:\/\/esp.championforest.org\/updates\/wp-content\/uploads\/2025\/03\/CGL24-25-Fondo-de-Arte-Principal-1536x864.jpg",1536,864,true],"2048x2048":["https:\/\/esp.championforest.org\/updates\/wp-content\/uploads\/2025\/03\/CGL24-25-Fondo-de-Arte-Principal.jpg",1920,1080,false],"post-thumbnail":["https:\/\/esp.championforest.org\/updates\/wp-content\/uploads\/2025\/03\/CGL24-25-Fondo-de-Arte-Principal.jpg",1920,1080,false]},"post_excerpt_stackable":"<p>\u00a1La Cumbre Global de Liderazgo y Champion Forest se unen para poner a tu disposici\u00f3n un resumen de las sesiones m\u00e1s impactantes de la Cumbre 2025\/2026, titulada &#8220;S\u00e9 l\u00edder donde est\u00e9s&#8220;! Este evento global est\u00e1 siendo realizado durante estos meses en m\u00e1s de 1500 sedes, con traducci\u00f3n a m\u00e1s de 60 idiomas, alcanzando 120 pa\u00edses alrededor del mundo. \u00a1S\u00e9 parte de los l\u00edderes de todo el mundo que est\u00e1n creciendo en su liderazgo para servir mejor a Dios, a sus familias, y a sus comunidades! Compartiremos una ma\u00f1ana emocionante, aprovechando el contenido exclusivo en video de las sesiones de importantes&hellip;<\/p>\n","category_list":"","author_info":{"name":"Esteban Bauducco","url":"https:\/\/esp.championforest.org\/updates\/author\/adultos\/"},"comments_num":"0 comments","featured_image_urls_v2":{"full":["https:\/\/esp.championforest.org\/updates\/wp-content\/uploads\/2025\/03\/CGL24-25-Fondo-de-Arte-Principal.jpg",1920,1080,false],"thumbnail":["https:\/\/esp.championforest.org\/updates\/wp-content\/uploads\/2025\/03\/CGL24-25-Fondo-de-Arte-Principal-150x150.jpg",150,150,true],"medium":["https:\/\/esp.championforest.org\/updates\/wp-content\/uploads\/2025\/03\/CGL24-25-Fondo-de-Arte-Principal-300x169.jpg",300,169,true],"medium_large":["https:\/\/esp.championforest.org\/updates\/wp-content\/uploads\/2025\/03\/CGL24-25-Fondo-de-Arte-Principal-768x432.jpg",768,432,true],"large":["https:\/\/esp.championforest.org\/updates\/wp-content\/uploads\/2025\/03\/CGL24-25-Fondo-de-Arte-Principal-1024x576.jpg",900,506,true],"1536x1536":["https:\/\/esp.championforest.org\/updates\/wp-content\/uploads\/2025\/03\/CGL24-25-Fondo-de-Arte-Principal-1536x864.jpg",1536,864,true],"2048x2048":["https:\/\/esp.championforest.org\/updates\/wp-content\/uploads\/2025\/03\/CGL24-25-Fondo-de-Arte-Principal.jpg",1920,1080,false],"post-thumbnail":["https:\/\/esp.championforest.org\/updates\/wp-content\/uploads\/2025\/03\/CGL24-25-Fondo-de-Arte-Principal.jpg",1920,1080,false]},"post_excerpt_stackable_v2":"<p>\u00a1La Cumbre Global de Liderazgo y Champion Forest se unen para poner a tu disposici\u00f3n un resumen de las sesiones m\u00e1s impactantes de la Cumbre 2025\/2026, titulada &#8220;S\u00e9 l\u00edder donde est\u00e9s&#8220;! Este evento global est\u00e1 siendo realizado durante estos meses en m\u00e1s de 1500 sedes, con traducci\u00f3n a m\u00e1s de 60 idiomas, alcanzando 120 pa\u00edses alrededor del mundo. \u00a1S\u00e9 parte de los l\u00edderes de todo el mundo que est\u00e1n creciendo en su liderazgo para servir mejor a Dios, a sus familias, y a sus comunidades! Compartiremos una ma\u00f1ana emocionante, aprovechando el contenido exclusivo en video de las sesiones de importantes&hellip;<\/p>\n","category_list_v2":"","author_info_v2":{"name":"Esteban Bauducco","url":"https:\/\/esp.championforest.org\/updates\/author\/adultos\/"},"comments_num_v2":"0 comments","_links":{"self":[{"href":"https:\/\/esp.championforest.org\/updates\/wp-json\/wp\/v2\/pages\/1201","targetHints":{"allow":["GET"]}}],"collection":[{"href":"https:\/\/esp.championforest.org\/updates\/wp-json\/wp\/v2\/pages"}],"about":[{"href":"https:\/\/esp.championforest.org\/updates\/wp-json\/wp\/v2\/types\/page"}],"author":[{"embeddable":true,"href":"https:\/\/esp.championforest.org\/updates\/wp-json\/wp\/v2\/users\/3"}],"replies":[{"embeddable":true,"href":"https:\/\/esp.championforest.org\/updates\/wp-json\/wp\/v2\/comments?post=1201"}],"version-history":[{"count":10,"href":"https:\/\/esp.championforest.org\/updates\/wp-json\/wp\/v2\/pages\/1201\/revisions"}],"predecessor-version":[{"id":1230,"href":"https:\/\/esp.championforest.org\/updates\/wp-json\/wp\/v2\/pages\/1201\/revisions\/1230"}],"wp:featuredmedia":[{"embeddable":true,"href":"https:\/\/esp.championforest.org\/updates\/wp-json\/wp\/v2\/media\/1014"}],"wp:attachment":[{"href":"https:\/\/esp.championforest.org\/updates\/wp-json\/wp\/v2\/media?parent=1201"}],"curies":[{"name":"wp","href":"https:\/\/api.w.org\/{rel}","templated":true}]}}