{"id":7,"date":"2017-03-16T13:15:44","date_gmt":"2017-03-16T18:15:44","guid":{"rendered":"https:\/\/esp.championforest.org\/media\/all\/?page_id=7"},"modified":"2017-04-26T10:18:34","modified_gmt":"2017-04-26T15:18:34","slug":"sermones-dominicales","status":"publish","type":"page","link":"https:\/\/esp.championforest.org\/media\/all\/sermones-dominicales\/","title":{"rendered":"Sermones Dominicales"},"content":{"rendered":"<div id=\"seriesengine\">\n\t<script src=\"https:\/\/player.vimeo.com\/api\/player.js\"><\/script>\n\t<input type=\"hidden\" name=\"enmse-random\" value=\"1929500994\" class=\"enmse-random\">\n\t<div class=\"enmse-loading-icon\" style=\"display: none;\">\n\t\t<p>Cargando contenido...<\/p>\n\t<\/div>\n\t<div class=\"enmse-copy-link-box\" style=\"display: none;\">\n\t\t<h4>Comparte el enlace de este Mensaje<\/h4>\n\t\t<p>El enlace ha sido copiado en su portapapeles; p\u00e9galo en cualquier lugar donde quieras compartirlo.<\/p>\n\t\t<a href=\"#\" class=\"enmse-copy-link-done\">Cerrar<\/a>\n\t<\/div>\n\t<div class=\"enmse-content-container\" id=\"enmse-top1929500994\">\n\t\t<input type=\"hidden\" name=\"enmse-rrandom\" value=\"1929500994\" class=\"enmse-rrandom\">\n\t\t\t<div class=\"enmse-selector three\">\n\t\t<select name=\"enmse_series\" class=\"enmse_series\">\n\t\t<option value=\"0\">- Buscar Series -<\/option>\n\t\t<option value=\"0\" dir=\"0\">-------------<\/option>\n\t\t<option value=\"&amp;enmse_archives=1\" dir=\"&amp;enmse_archives=1\">Ver archivo de Serie<\/option>\n\t\t<option value=\"&amp;enmse_am=1\" dir=\"&amp;enmse_am=1\">Ver todos los Mensajes<\/option>\t\t<option value=\"0\" dir=\"0\">-------------<\/option>\n\t\t\t\t<option value=\"&amp;enmse_sid=309\">\u00bfY ahora qu\u00e9? <\/option>\n\t\t\t\t<option value=\"&amp;enmse_sid=307\">Celebraci\u00f3n de Resurrecci\u00f3n<\/option>\n\t\t\t\t<option value=\"&amp;enmse_sid=305\">M\u00c1S DE LO QUE IMAGINABAN <\/option>\n\t\t\t\t<option value=\"&amp;enmse_sid=303\">NEXT: Desde el Noroeste de Houston al Mundo<\/option>\n\t\t\t\t<option value=\"&amp;enmse_sid=300\">Prioridades<\/option>\n\t\t\t\t<option value=\"&amp;enmse_sid=296\">SIEMPRE: Dios Con Nosotros<\/option>\n\t\t\t\t<option value=\"&amp;enmse_sid=295\">El Efecto Gratitud: Identidad, Presencia, Promesas<\/option>\n\t\t\t\t<option value=\"&amp;enmse_sid=293\">Cuando no s\u00e9 qu\u00e9 hacer \u2013 Dos historias, una sola cruz<\/option>\n\t\t\t\t<option value=\"&amp;enmse_sid=291\">Dia De Misiones <\/option>\n\t\t\t\t<option value=\"&amp;enmse_sid=289\">Amistad Latina<\/option>\n\t\t\t\t<option value=\"&amp;enmse_sid=287\">Cuando la oraci\u00f3n sacude la tierra<\/option>\n\t\t\t\t<option value=\"&amp;enmse_sid=285\">M\u00e1s<\/option>\n\t\t\t\t<option value=\"&amp;enmse_sid=283\">Romanos 15<\/option>\n\t\t\t\t<option value=\"&amp;enmse_sid=281\">El Asombroso Dios<\/option>\n\t\t\t\t<option value=\"&amp;enmse_sid=280\">Mas Fuerte<\/option>\n\t\t\t\t<option value=\"&amp;enmse_sid=278\">DEL AGUA AL VINO: \u200bla fe como fiesta, milagro y comunidad\u200b<\/option>\n\t\t\t\t<option value=\"&amp;enmse_sid=276\">Resurreci\u00f3n 2025 - CH <\/option>\n\t\t\t\t<option value=\"&amp;enmse_sid=275\">Experimentar el Amor de Dios <\/option>\n\t\t\t\t<option value=\"&amp;enmse_sid=273\">Efesios: Dise\u00f1ados para M\u00e1s<\/option>\n\t\t\t\t<option value=\"&amp;enmse_sid=272\">Nacimos para amar y ser amados. L\u00e1zaro, el amigo \u00edntimo de Jes\u00fas<\/option>\n\t\t\t\t<option value=\"&amp;enmse_sid=271\">Invitado Especial - Alex Campos<\/option>\n\t\t\t\t<option value=\"&amp;enmse_sid=268\">Reset <\/option>\n\t\t\t\t<option value=\"&amp;enmse_sid=266\">Lo que termina bien, comienza mejor<\/option>\n\t\t\t\t<option value=\"&amp;enmse_sid=263\">El Llamado de la Navidad<\/option>\n\t\t\t\t<option value=\"&amp;enmse_sid=262\">\u00bfEn Qu\u00e9 Mesa Estas Sentando?<\/option>\n\t\t\t\t<option value=\"&amp;enmse_sid=260\">\u201cSi\u2026\u201d<\/option>\n\t\t\t\t<option value=\"&amp;enmse_sid=259\">Libres y con Misi\u00f3n<\/option>\n\t\t\t\t<option value=\"&amp;enmse_sid=257\">De la Sombra a la Mesa<\/option>\n\t\t\t\t<option value=\"&amp;enmse_sid=255\">Amistad - Pastor Daniel Calveti<\/option>\n\t\t\t\t<option value=\"&amp;enmse_sid=251\">Inquebrantable: Un Estudio del Libro de Daniel<\/option>\n\t\t\t\t<option value=\"&amp;enmse_sid=250\">Gede\u00f3n \u2013 Saliendo de la frustraci\u00f3n<\/option>\n\t\t\t\t<option value=\"&amp;enmse_sid=249\">La siembra y la cosecha<\/option>\n\t\t\t\t<option value=\"&amp;enmse_sid=245\">Cumplidor De Promesas<\/option>\n\t\t\t\t<option value=\"&amp;enmse_sid=242\">Jes\u00fas y _____<\/option>\n\t\t\t\t<option value=\"&amp;enmse_sid=240\">Domingo de Resurrecci\u00f3n<\/option>\n\t\t\t\t<option value=\"&amp;enmse_sid=238\">Conociendo el coraz\u00f3n de Jes\u00fas<\/option>\n\t\t\t\t<option value=\"&amp;enmse_sid=234\">Haz de la adoracio\u0301n un estilo de vida<\/option>\n\t\t\t\t<option value=\"&amp;enmse_sid=232\">Cuando la duda me visita<\/option>\n\t\t\t\t<option value=\"&amp;enmse_sid=228\">El Proyecto del Reino<\/option>\n\t\t\t\t<option value=\"&amp;enmse_sid=226\">Oracion de Pablo de inicio de a\u00f1o<\/option>\n\t\t\t\t<option value=\"&amp;enmse_sid=225\">Caminando en la Voluntad de Dios en el 2024<\/option>\n\t\t\t\t<option value=\"&amp;enmse_sid=223\">Terminando y empezando bien el Nuevo A\u00f1o<\/option>\n\t\t\t\t<option value=\"&amp;enmse_sid=220\">Con Nosotros<\/option>\n\t\t\t\t<option value=\"&amp;enmse_sid=217\">El libro de Santiago<\/option>\n\t\t\t\t<option value=\"&amp;enmse_sid=216\">\u201cImpactando Vidas: C\u00f3mo hacer diferencia en otros<\/option>\n\t\t\t\t<option value=\"&amp;enmse_sid=213\">Un Verano En Los Salmos<\/option>\n\t\t\t\t<option value=\"&amp;enmse_sid=210\">Verdades Que Nunca Cambian <\/option>\n\t\t\t\t<option value=\"&amp;enmse_sid=207\">Celebraci\u00f3n de Resurrecci\u00f3n 2023<\/option>\n\t\t\t\t<option value=\"&amp;enmse_sid=204\">Palabras en Rojo: Siete ense\u00f1anzas para m\u00ed desde la cruz - CH<\/option>\n\t\t\t\t<option value=\"&amp;enmse_sid=201\">Enfoque<\/option>\n\t\t\t\t<option value=\"&amp;enmse_sid=198\">Evidencias - CH <\/option>\n\t\t\t\t<option value=\"&amp;enmse_sid=195\">D\u00eda de Misiones - CH<\/option>\n\t\t\t\t<option value=\"&amp;enmse_sid=192\">BENDECIR - CH<\/option>\n\t\t\t\t<option value=\"&amp;enmse_sid=189\">Persiguiendo La Sensatez - En un Mundo en Caos<\/option>\n\t\t\t\t<option value=\"&amp;enmse_sid=186\">\u00c9xitos de Verano<\/option>\n\t\t\t\t<option value=\"&amp;enmse_sid=183\">FACE TIME \u2014 Cultivando una conexi\u00f3n genuina<\/option>\n\t\t\t\t<option value=\"&amp;enmse_sid=177\">Celebraci\u00f3n de Resurrecci\u00f3n<\/option>\n\t\t\t\t<option value=\"&amp;enmse_sid=176\">Nuevo A\u00f1o <\/option>\n\t\t\t\t<option value=\"&amp;enmse_sid=175\">Viviendo con Sabiduria<\/option>\n\t\t\t\t<option value=\"&amp;enmse_sid=171\">Buenas Noticias - Nace un Salvador<\/option>\n\t\t\t\t<option value=\"&amp;enmse_sid=170\">De Pablo a Timoteo<\/option>\n\t\t\t\t<option value=\"&amp;enmse_sid=166\">HACIA ADELANTE  | Un estudio a trav\u00e9s del libro de los Hechos<\/option>\n\t\t\t\t<option value=\"&amp;enmse_sid=165\">Conexi\u00f3n inseparable<\/option>\n\t\t\t\t<option value=\"&amp;enmse_sid=164\">Bienvenido a Casa - Celebrando el pasado. Mirando al futuro.<\/option>\n\t\t\t\t<option value=\"&amp;enmse_sid=160\">Historias Grandiosas del Antiguo Testamento<\/option>\n\t\t\t\t<option value=\"&amp;enmse_sid=154\">Feliz D\u00eda de las Madres<\/option>\n\t\t\t\t<option value=\"&amp;enmse_sid=150\">Determinados<\/option>\n\t\t\t\t<option value=\"&amp;enmse_sid=146\">Nunca Igual<\/option>\n\t\t\t\t<option value=\"&amp;enmse_sid=142\">La Iglesia y Su Esencia<\/option>\n\t\t\t\t<option value=\"&amp;enmse_sid=141\">Preparando un A\u00f1o de \u00c9xito<\/option>\n\t\t\t\t<option value=\"&amp;enmse_sid=139\">Cuando Dios Interviene<\/option>\n\t\t\t\t<option value=\"&amp;enmse_sid=121\">La Cena del Se\u00f1or<\/option>\n\t\t\t\t<option value=\"&amp;enmse_sid=30\">Otro - Domingos<\/option>\n\t\t\n\t<\/select>\n\t\t\t<select name=\"enmse_speakers\" class=\"enmse_speakers\">\n\t\t<option value=\"0\">- Buscar Predicadores -<\/option>\n\t\t\t\t<option value=\"&amp;enmse_spid=15\">Armando Allen<\/option>\n\t\t\t\t<option value=\"&amp;enmse_spid=47\">Julio Arriola<\/option>\n\t\t\t\t<option value=\"&amp;enmse_spid=46\">EMERY BASTIDAS<\/option>\n\t\t\t\t<option value=\"&amp;enmse_spid=38\">Daniel  Calveti <\/option>\n\t\t\t\t<option value=\"&amp;enmse_spid=3\">Daniel Calveti<\/option>\n\t\t\t\t<option value=\"&amp;enmse_spid=39\">Alex  Campos<\/option>\n\t\t\t\t<option value=\"&amp;enmse_spid=37\">Edgar Casta\u00f1o<\/option>\n\t\t\t\t<option value=\"&amp;enmse_spid=21\">Eliel Diaz<\/option>\n\t\t\t\t<option value=\"&amp;enmse_spid=43\">Job Gonzalez<\/option>\n\t\t\t\t<option value=\"&amp;enmse_spid=45\">Carlos Lollett<\/option>\n\t\t\t\t<option value=\"&amp;enmse_spid=8\">Ramon Medina<\/option>\n\t\t\t\t<option value=\"&amp;enmse_spid=10\">Ivan Orellana<\/option>\n\t\t\t\t<option value=\"&amp;enmse_spid=17\">Luis Pavon<\/option>\n\t\t\t\t<option value=\"&amp;enmse_spid=11\">Sixto Porras<\/option>\n\t\t\t\t<option value=\"&amp;enmse_spid=49\">Harold Segura<\/option>\n\t\t\t\t<option value=\"&amp;enmse_spid=36\">Jarrett Stephens<\/option>\n\t\t\t\t<option value=\"&amp;enmse_spid=35\">Dr. Jarrett Stephens<\/option>\n\t\t\t\t<option value=\"&amp;enmse_spid=12\">Esteban Vazquez<\/option>\n\t\t\t\t<option value=\"&amp;enmse_spid=48\">Marcos Witt<\/option>\n\t\t\t\t<option value=\"&amp;enmse_spid=42\">Alex  Zu\u00f1iga <\/option>\n\t\t\t<\/select>\n\t\t\t<select name=\"enmse_topics\" class=\"enmse_topics\">\n\t\t<option value=\"0\">- Buscar Temas -<\/option>\n\t\t\t\t<option value=\"&amp;enmse_tid=31\">1 Corintios<\/option>\n\t\t\t\t<option value=\"&amp;enmse_tid=15\">1 Samuel<\/option>\n\t\t\t\t<option value=\"&amp;enmse_tid=22\">1 Tesalonicenses<\/option>\n\t\t\t\t<option value=\"&amp;enmse_tid=14\">2 Cr\u00f3nicas<\/option>\n\t\t\t\t<option value=\"&amp;enmse_tid=53\">2 Cr\u00f3nicas<\/option>\n\t\t\t\t<option value=\"&amp;enmse_tid=54\">2 Pedro<\/option>\n\t\t\t\t<option value=\"&amp;enmse_tid=36\">2 Samuel<\/option>\n\t\t\t\t<option value=\"&amp;enmse_tid=19\">2 Timoteo<\/option>\n\t\t\t\t<option value=\"&amp;enmse_tid=45\">2 Timoteo<\/option>\n\t\t\t\t<option value=\"&amp;enmse_tid=28\">Colosenses<\/option>\n\t\t\t\t<option value=\"&amp;enmse_tid=10\">Daniel<\/option>\n\t\t\t\t<option value=\"&amp;enmse_tid=42\">Deuteronomio<\/option>\n\t\t\t\t<option value=\"&amp;enmse_tid=20\">Efesios<\/option>\n\t\t\t\t<option value=\"&amp;enmse_tid=48\">Ester<\/option>\n\t\t\t\t<option value=\"&amp;enmse_tid=16\">\u00c9xodo<\/option>\n\t\t\t\t<option value=\"&amp;enmse_tid=3\">Filipenses<\/option>\n\t\t\t\t<option value=\"&amp;enmse_tid=17\">G\u00e9nesis<\/option>\n\t\t\t\t<option value=\"&amp;enmse_tid=34\">Hebreos<\/option>\n\t\t\t\t<option value=\"&amp;enmse_tid=40\">Hechos <\/option>\n\t\t\t\t<option value=\"&amp;enmse_tid=4\">Hechos<\/option>\n\t\t\t\t<option value=\"&amp;enmse_tid=12\">Isa\u00edas<\/option>\n\t\t\t\t<option value=\"&amp;enmse_tid=50\">Jeremias<\/option>\n\t\t\t\t<option value=\"&amp;enmse_tid=39\">Jon\u00e1s<\/option>\n\t\t\t\t<option value=\"&amp;enmse_tid=24\">Josu\u00e9<\/option>\n\t\t\t\t<option value=\"&amp;enmse_tid=26\">Juan<\/option>\n\t\t\t\t<option value=\"&amp;enmse_tid=6\">Jueces<\/option>\n\t\t\t\t<option value=\"&amp;enmse_tid=18\">Lucas<\/option>\n\t\t\t\t<option value=\"&amp;enmse_tid=30\">Marcos<\/option>\n\t\t\t\t<option value=\"&amp;enmse_tid=43\">Marcos<\/option>\n\t\t\t\t<option value=\"&amp;enmse_tid=2\">Mateo<\/option>\n\t\t\t\t<option value=\"&amp;enmse_tid=8\">Nehem\u00edas<\/option>\n\t\t\t\t<option value=\"&amp;enmse_tid=38\">Proverbios<\/option>\n\t\t\t\t<option value=\"&amp;enmse_tid=23\">Romanos<\/option>\n\t\t\t\t<option value=\"&amp;enmse_tid=5\">Salmos<\/option>\n\t\t\t\t<option value=\"&amp;enmse_tid=21\">Santiago<\/option>\n\t\t\t<\/select>\n\t\t<\/div>\n\t\t\t\t\t<!-- Single Message and Related Series Details -->\n<h3 class=\"enmse-message-meta\">Ramon Medina - April 26, 2026<\/h3>\n<h2 class=\"enmse-message-title\">Tu Fracaso No Es Tu Final<\/h2>\n<!-- Display Audio or Video -->\n<div class=\"enmse-player\" >\n    <div class=\"enmse-media-container\">\n\t\t<div class=\"enmse-watch w1929500994\" ><div class=\"enmse-vid-container\"><iframe loading=\"lazy\" width=\"560\" height=\"315\" src=\"https:\/\/www.youtube.com\/embed\/t2qirVMsMTI?si=9ezaUpQZlpEjeX6b\" title=\"YouTube video player\" frameborder=\"0\" allow=\"accelerometer; autoplay; clipboard-write; encrypted-media; gyroscope; picture-in-picture; web-share\" referrerpolicy=\"strict-origin-when-cross-origin\" allowfullscreen><\/iframe><\/div><\/div>\n\t\t<div class=\"enmse-listen\" style=\"display:none;\"><img decoding=\"async\" src=\"https:\/\/esp.championforest.org\/media\/all\/wp-content\/uploads\/2026\/04\/Title-Screen-16x9-SPAN-1000x563.jpg\" alt=\"\u00bfY ahora qu\u00e9? \" border=\"0\" \/><div class=\"enmse-audio\"><a href=\"https:\/\/esp.championforest.org\/media\/all\/wp-content\/uploads\/2026\/04\/2026_0426_SPAN_SERMON_1.mp3\" id=\"enmse-download\"  download>Download<\/a><audio src=\"https:\/\/esp.championforest.org\/media\/all\/wp-content\/uploads\/2026\/04\/2026_0426_SPAN_SERMON_1.mp3\" controls=\"controls\" class=\"enmse-audio-player enmseaplayer\" rel=\"0\" name=\"1493\" preload=\"metadata\"><\/audio><\/div><\/div>\n\t\t<div class=\"enmse-alternate a1929500994\" style=\"display:none;\"><\/div>\n\t<\/div>\n\t<ul class=\"enmse-player-tabs\">\n\t\t<li class=\"enmse-watch-tab enmse-tab-selected\"><a href=\"https:\/\/esp.championforest.org\/media\/all\/sermones-dominicales\/?enmse=1&amp;enmse_mid=1493\" >Ver<\/a><\/li>\t\t<li class=\"enmse-listen-tab\"><a href=\"https:\/\/esp.championforest.org\/media\/all\/sermones-dominicales\/?enmse=1&amp;enmse_mid=1493&amp;enmse_av=1\" >Escuchar<\/a><\/li>\t\t\t<\/ul>\n\t<ul class=\"enmse-player-options\">\n\t\t<li class=\"enmse-details\"><a href=\"#\" class=\"enmse-show-details\">Details<\/a><\/li>\n\t\t\t\t<li class=\"enmse-share-this\"><a href=\"#\" class=\"enmse-show-share\">Share<\/a><\/li>\n\t<\/ul>\n\t<div style=\"clear: both;\"><\/div>\n\t<div class=\"enmse-player-details\" style=\"display: none\">\n\t\t\n\t\t\t    <h3>From Serie: \"<em>\u00bfY ahora qu\u00e9? <\/em>\"<\/h3>\t    <p>Despu\u00e9s de la resurrecci\u00f3n, Jes\u00fas no solo resucit\u00f3 y desapareci\u00f3. \u00c9l se encontr\u00f3 con las personas justo donde estaban: en su dolor, en su duda, en su temor. En esta serie, estamos viendo por qu\u00e9 la resurrecci\u00f3n importa. Caminaremos a trav\u00e9s de estos encuentros reales y descubriremos lo que Jes\u00fas resucitado todav\u00eda habla a nuestras vidas hoy.<\/p>\t   \t\t\t\t\t<!-- Related Topics -->\n\t\t\t\t<p class=\"enmse-related-topics\"><strong>Related Temas:<\/strong> <a href=\"https:\/\/esp.championforest.org\/media\/all\/sermones-dominicales\/?enmse=1&amp;enmse_tid=26\" class=\"enmse-topic-ajax\">Juan<input type=\"hidden\" name=\"enmse-topic-info\" value=\"&amp;enmse_tid=26\" class=\"enmse-topic-info\"><\/a><\/p>\t\t\t\t\t\t<p class=\"enmse-related-topics\"><a href=\"https:\/\/esp.championforest.org\/media\/all\/sermones-dominicales\/?enmse=1&amp;enmse_spid=8\" class=\"enmse-speaker-ajax\">More Mensajes from Ramon Medina<input type=\"hidden\" name=\"enmse-speaker-info\" value=\"&amp;enmse_spid=8\" class=\"enmse-speaker-info\"><\/a><\/p>\t<\/div>\n\t<div class=\"enmse-player-extras\" style=\"display: none\">\n\t\t\t<\/div>\n\t<div class=\"enmse-share-details\" style=\"display: none\">\n\t\t\t\t<ul>\n\t<li class=\"enmse-facebook\"><a href=\"http:\/\/www.facebook.com\/sharer\/sharer.php?u=https:\/\/esp.championforest.org\/media\/all\/messages\/tu-fracaso-no-es-tu-final\/\" target=\"_blank\"><span>Facebook<\/span><\/a><\/li>\n\t<li class=\"enmse-twitter\"><a href=\"https:\/\/twitter.com\/intent\/tweet?text=%22Tu Fracaso No Es Tu Final%22%20on%20Media Player:&url=%20https:\/\/esp.championforest.org\/media\/all\/messages\/tu-fracaso-no-es-tu-final\/\" target=\"_blank\"><span>Twitter<\/span><\/a><\/li>\n\t<li class=\"enmse-share-link\"><a href=\"https:\/\/esp.championforest.org\/media\/all\/messages\/tu-fracaso-no-es-tu-final\/\"><span>Compartir Enlace<\/span><\/a><input type=\"hidden\" class=\"enmsecopylink\" value=\"https:\/\/esp.championforest.org\/media\/all\/messages\/tu-fracaso-no-es-tu-final\/\" \/><\/li>\n\t<li class=\"enmse-email\"><a href=\"mailto:TypeEmailHere@address.com?body=https:\/\/esp.championforest.org\/media\/all\/messages\/tu-fracaso-no-es-tu-final\/\"><span>Enviar Correo Electr\u00f3nico<\/span><\/a><\/li>\n\t<\/div>\n<\/div>\t\n\t\t\t\t\t\t\t<!-- Related Messages -->\n<h3 class=\"enmse-more-title\">M\u00e1s de \"<em>\u00bfY ahora qu\u00e9? <\/em>\"<\/h3>\n\t\t<div class=\"enmse-related-area\" id=\"enmse-related1929500994\">\n\t\t<table class=\"enmse-more-messages\" cellpadding=\"0\" cellspacing=\"0\">\n\t\t\t\t    \t<tr class=\"enmse-odd\">\n\t            <td class=\"enmse-title-cell\">Tu Fracaso No Es Tu Final<\/td>\n\t            <td class=\"enmse-date-cell enmse-speaker-cell\">Ramon Medina<\/td>\n\t            <td class=\"enmse-date-cell\">April 26, 2026<\/td>\n\t\t\t\t<td class=\"enmse-alternate-cell\"><input type=\"hidden\" name=\"enmse-ajax-values\" value=\"&amp;enmse_sid=309&amp;enmse_mid=1493&amp;enmse_xv=1\" class=\"enmse-ajax-values\"><\/td><td class=\"enmse-watch-cell\"><a href=\"https:\/\/esp.championforest.org\/media\/all\/sermones-dominicales\/?enmse=1&amp;enmse_sid=309&amp;enmse_mid=1493\" class=\"enmse-ajax-link\">Ver<\/a><span class=\"enmse-spacer\">&nbsp;&nbsp;&nbsp;<\/span><input type=\"hidden\" name=\"enmse-ajax-values\" value=\"&amp;enmse_sid=309&amp;enmse_mid=1493\" class=\"enmse-ajax-values\"><\/td><td class=\"enmse-listen-cell\"><a href=\"https:\/\/esp.championforest.org\/media\/all\/sermones-dominicales\/?enmse=1&amp;enmse_sid=309&amp;enmse_mid=1493&amp;enmse_av=1\" class=\"enmse-ajax-link\">Escuchar<\/a><input type=\"hidden\" name=\"enmse-ajax-values\" value=\"&amp;enmse_sid=309&amp;enmse_mid=1493&amp;enmse_av=1\" class=\"enmse-ajax-values\"><\/td>\t\t\t<\/tr>\n\t\t\t\t    \t<tr class=\"enmse-even\">\n\t            <td class=\"enmse-title-cell\">Cuando la Paz Tiene Nombre<\/td>\n\t            <td class=\"enmse-date-cell enmse-speaker-cell\">Ramon Medina<\/td>\n\t            <td class=\"enmse-date-cell\">April 19, 2026<\/td>\n\t\t\t\t<td class=\"enmse-alternate-cell\"><input type=\"hidden\" name=\"enmse-ajax-values\" value=\"&amp;enmse_sid=309&amp;enmse_mid=1491&amp;enmse_xv=1\" class=\"enmse-ajax-values\"><\/td><td class=\"enmse-watch-cell\"><a href=\"https:\/\/esp.championforest.org\/media\/all\/sermones-dominicales\/?enmse=1&amp;enmse_sid=309&amp;enmse_mid=1491\" class=\"enmse-ajax-link\">Ver<\/a><span class=\"enmse-spacer\">&nbsp;&nbsp;&nbsp;<\/span><input type=\"hidden\" name=\"enmse-ajax-values\" value=\"&amp;enmse_sid=309&amp;enmse_mid=1491\" class=\"enmse-ajax-values\"><\/td><td class=\"enmse-listen-cell\"><a href=\"https:\/\/esp.championforest.org\/media\/all\/sermones-dominicales\/?enmse=1&amp;enmse_sid=309&amp;enmse_mid=1491&amp;enmse_av=1\" class=\"enmse-ajax-link\">Escuchar<\/a><input type=\"hidden\" name=\"enmse-ajax-values\" value=\"&amp;enmse_sid=309&amp;enmse_mid=1491&amp;enmse_av=1\" class=\"enmse-ajax-values\"><\/td>\t\t\t<\/tr>\n\t\t\t\t    \t<tr class=\"enmse-odd\">\n\t            <td class=\"enmse-title-cell\">M\u00e1s cerca de lo que crees<\/td>\n\t            <td class=\"enmse-date-cell enmse-speaker-cell\">Ramon Medina<\/td>\n\t            <td class=\"enmse-date-cell\">April 12, 2026<\/td>\n\t\t\t\t<td class=\"enmse-alternate-cell\"><input type=\"hidden\" name=\"enmse-ajax-values\" value=\"&amp;enmse_sid=309&amp;enmse_mid=1490&amp;enmse_xv=1\" class=\"enmse-ajax-values\"><\/td><td class=\"enmse-watch-cell\"><a href=\"https:\/\/esp.championforest.org\/media\/all\/sermones-dominicales\/?enmse=1&amp;enmse_sid=309&amp;enmse_mid=1490\" class=\"enmse-ajax-link\">Ver<\/a><span class=\"enmse-spacer\">&nbsp;&nbsp;&nbsp;<\/span><input type=\"hidden\" name=\"enmse-ajax-values\" value=\"&amp;enmse_sid=309&amp;enmse_mid=1490\" class=\"enmse-ajax-values\"><\/td><td class=\"enmse-listen-cell\"><a href=\"https:\/\/esp.championforest.org\/media\/all\/sermones-dominicales\/?enmse=1&amp;enmse_sid=309&amp;enmse_mid=1490&amp;enmse_av=1\" class=\"enmse-ajax-link\">Escuchar<\/a><input type=\"hidden\" name=\"enmse-ajax-values\" value=\"&amp;enmse_sid=309&amp;enmse_mid=1490&amp;enmse_av=1\" class=\"enmse-ajax-values\"><\/td>\t\t\t<\/tr>\n\t\t\t\t   \t<\/table>\n\t   \t\t<\/div>\n\t\t\t\t\t<input type=\"hidden\" name=\"enmse-embed-options\" value=\"&amp;enmse_lo=1&amp;enmse_a=0&amp;enmse_de=1&amp;enmse_d=0&amp;enmse_sh=0&amp;enmse_ex=0&amp;enmse_dss=0&amp;enmse_dst=0&amp;enmse_dsb=0&amp;enmse_dssp=0&amp;enmse_scm=1&amp;enmse_dsst=2&amp;enmse_dam=0&amp;enmse_sort=DESC&amp;enmse_pag=100&amp;enmse_apag=100&amp;enmse_cv=0&amp;enmse_ddval=three&amp;enmse_hsd=0&amp;enmse_hspd=0&amp;enmse_htd=0&amp;enmse_hbd=1&enmse_hs=0&enmse_hsh=0&enmse_had=0\" class=\"enmse-embed-options\">\n<input type=\"hidden\" name=\"enmse-plugin-url\" value=\"https:\/\/esp.championforest.org\/media\/all\/wp-content\/plugins\/seriesengine_plugin\" class=\"enmse-plugin-url\">\n<input type=\"hidden\" name=\"enmse-permalink\" value=\"https%3A%2F%2Fesp.championforest.org%2Fmedia%2Fall%2Fsermones-dominicales%2F%3Fenmse%3D1\" class=\"enmse-permalink\">\n<input type=\"hidden\" name=\"enmse-permalinknoajax\" value=\"https:\/\/esp.championforest.org\/media\/all\/sermones-dominicales\/?enmse=1\" class=\"enmse-permalinknoajax\">\n<input type=\"hidden\" name=\"xxse\" value=\"L2hvbWUvY2ZiY19jb21tcy9lc3AuY2hhbXBpb25mb3Jlc3Qub3JnL21lZGlhL2FsbC8=\" class=\"xxse\" \/>\t\n\t\t<h3 class=\"enmse-poweredby\"><a href=\"http:\/\/seriesengine.com\" target=\"_blank\">Powered by Series Engine<\/a><\/h3>\t\n\t\t<div style=\"clear: right\"><\/div>\n\t<!-- v2.8.9.010326 -->\n\t<\/div>\n<\/div>\n\n","protected":false},"excerpt":{"rendered":"<a href=\"https:\/\/esp.championforest.org\/media\/all\/sermones-dominicales\/\" class=\"button more-button\">Read More<\/a>","protected":false},"author":1,"featured_media":0,"parent":0,"menu_order":0,"comment_status":"closed","ping_status":"closed","template":"","meta":{"footnotes":""},"class_list":["post-7","page","type-page","status-publish","hentry"],"_links":{"self":[{"href":"https:\/\/esp.championforest.org\/media\/all\/wp-json\/wp\/v2\/pages\/7","targetHints":{"allow":["GET"]}}],"collection":[{"href":"https:\/\/esp.championforest.org\/media\/all\/wp-json\/wp\/v2\/pages"}],"about":[{"href":"https:\/\/esp.championforest.org\/media\/all\/wp-json\/wp\/v2\/types\/page"}],"author":[{"embeddable":true,"href":"https:\/\/esp.championforest.org\/media\/all\/wp-json\/wp\/v2\/users\/1"}],"replies":[{"embeddable":true,"href":"https:\/\/esp.championforest.org\/media\/all\/wp-json\/wp\/v2\/comments?post=7"}],"version-history":[{"count":2,"href":"https:\/\/esp.championforest.org\/media\/all\/wp-json\/wp\/v2\/pages\/7\/revisions"}],"predecessor-version":[{"id":20,"href":"https:\/\/esp.championforest.org\/media\/all\/wp-json\/wp\/v2\/pages\/7\/revisions\/20"}],"wp:attachment":[{"href":"https:\/\/esp.championforest.org\/media\/all\/wp-json\/wp\/v2\/media?parent=7"}],"curies":[{"name":"wp","href":"https:\/\/api.w.org\/{rel}","templated":true}]}}