{"id":218,"date":"2018-08-31T09:55:56","date_gmt":"2018-08-31T14:55:56","guid":{"rendered":"https:\/\/esp.championforest.org\/media\/all\/?page_id=218"},"modified":"2018-08-31T09:55:56","modified_gmt":"2018-08-31T14:55:56","slug":"sermones-north-klein","status":"publish","type":"page","link":"https:\/\/esp.championforest.org\/media\/all\/sermones-north-klein\/","title":{"rendered":"Sermones North Klein"},"content":{"rendered":"<p class=\"p1\"><div id=\"seriesengine\">\n\t<script src=\"https:\/\/player.vimeo.com\/api\/player.js\"><\/script>\n\t<input type=\"hidden\" name=\"enmse-random\" value=\"1691307488\" class=\"enmse-random\">\n\t<div class=\"enmse-loading-icon\" style=\"display: none;\">\n\t\t<p>Cargando contenido...<\/p>\n\t<\/div>\n\t<div class=\"enmse-copy-link-box\" style=\"display: none;\">\n\t\t<h4>Comparte el enlace de este Mensaje<\/h4>\n\t\t<p>El enlace ha sido copiado en su portapapeles; p\u00e9galo en cualquier lugar donde quieras compartirlo.<\/p>\n\t\t<a href=\"#\" class=\"enmse-copy-link-done\">Cerrar<\/a>\n\t<\/div>\n\t<div class=\"enmse-content-container\" id=\"enmse-top1691307488\">\n\t\t<input type=\"hidden\" name=\"enmse-rrandom\" value=\"1691307488\" class=\"enmse-rrandom\">\n\t\t\t<div class=\"enmse-selector three\">\n\t\t<select name=\"enmse_series\" class=\"enmse_series\">\n\t\t<option value=\"0\">- Buscar Series -<\/option>\n\t\t<option value=\"0\" dir=\"0\">-------------<\/option>\n\t\t<option value=\"&amp;enmse_archives=1\" dir=\"&amp;enmse_archives=1\">Ver archivo de Serie<\/option>\n\t\t<option value=\"&amp;enmse_am=1\" dir=\"&amp;enmse_am=1\">Ver todos los Mensajes<\/option>\t\t<option value=\"0\" dir=\"0\">-------------<\/option>\n\t\t\t\t<option value=\"&amp;enmse_sid=308\">\u00bfY ahora qu\u00e9? - NK<\/option>\n\t\t\t\t<option value=\"&amp;enmse_sid=306\">Dia de Resurrecci\u00f3n - NK<\/option>\n\t\t\t\t<option value=\"&amp;enmse_sid=304\">La entrada triunfal: Domingo de Ramos <\/option>\n\t\t\t\t<option value=\"&amp;enmse_sid=302\">NEXT: Desde el Noroeste de Houston al Mundo - NK<\/option>\n\t\t\t\t<option value=\"&amp;enmse_sid=301\">Prioridades - NK<\/option>\n\t\t\t\t<option value=\"&amp;enmse_sid=299\">Verdades para Vivir en el 2026<\/option>\n\t\t\t\t<option value=\"&amp;enmse_sid=298\">Recordando el Camino<\/option>\n\t\t\t\t<option value=\"&amp;enmse_sid=297\">SIEMPRE: Dios Con Nosotros - NK<\/option>\n\t\t\t\t<option value=\"&amp;enmse_sid=294\"> Siendo Agradecidos Todo El A\u00f1o<\/option>\n\t\t\t\t<option value=\"&amp;enmse_sid=292\">Agradecer Cuando no lo Siento <\/option>\n\t\t\t\t<option value=\"&amp;enmse_sid=290\">Tu Historia Cuenta<\/option>\n\t\t\t\t<option value=\"&amp;enmse_sid=288\"> Mi Identidad<\/option>\n\t\t\t\t<option value=\"&amp;enmse_sid=286\">M\u00e1s - NK<\/option>\n\t\t\t\t<option value=\"&amp;enmse_sid=284\">Rebosar Esperanza<\/option>\n\t\t\t\t<option value=\"&amp;enmse_sid=282\">Asombroso Dios <\/option>\n\t\t\t\t<option value=\"&amp;enmse_sid=279\">Mas Fuerte - NK<\/option>\n\t\t\t\t<option value=\"&amp;enmse_sid=277\">Resurreci\u00f3n 2025 - NK<\/option>\n\t\t\t\t<option value=\"&amp;enmse_sid=274\">Efesios: Dise\u00f1ados para M\u00e1s - NK<\/option>\n\t\t\t\t<option value=\"&amp;enmse_sid=270\"> Los mitos del discipulado <\/option>\n\t\t\t\t<option value=\"&amp;enmse_sid=269\">Reset - NK<\/option>\n\t\t\t\t<option value=\"&amp;enmse_sid=267\">Preguntas de fin de a\u00f1o<\/option>\n\t\t\t\t<option value=\"&amp;enmse_sid=264\">El Llamado de la Navidad - NK <\/option>\n\t\t\t\t<option value=\"&amp;enmse_sid=265\">Cultura De Reino<\/option>\n\t\t\t\t<option value=\"&amp;enmse_sid=261\">\u201cSi\u2026\u201d - NK<\/option>\n\t\t\t\t<option value=\"&amp;enmse_sid=258\">Libres y con Misi\u00f3n<\/option>\n\t\t\t\t<option value=\"&amp;enmse_sid=256\">La bondad De Dios<\/option>\n\t\t\t\t<option value=\"&amp;enmse_sid=254\">Amistad - Pastor Daniel Calveti<\/option>\n\t\t\t\t<option value=\"&amp;enmse_sid=252\">Inquebrantable: Un Estudio del Libro de Daniel - NK<\/option>\n\t\t\t\t<option value=\"&amp;enmse_sid=246\">Cumplidor De Promesas - NK<\/option>\n\t\t\t\t<option value=\"&amp;enmse_sid=243\">Jes\u00fas y _____ - NK<\/option>\n\t\t\t\t<option value=\"&amp;enmse_sid=241\">Dia De Resurrecci\u00f3n - NK<\/option>\n\t\t\t\t<option value=\"&amp;enmse_sid=237\">Redefiniendo mis expectativas <\/option>\n\t\t\t\t<option value=\"&amp;enmse_sid=235\">Viviendo una vida de adoraci\u00f3n genuina<\/option>\n\t\t\t\t<option value=\"&amp;enmse_sid=233\">Resucitando a la muerte interior<\/option>\n\t\t\t\t<option value=\"&amp;enmse_sid=229\">El Proyecto del Reino - NK<\/option>\n\t\t\t\t<option value=\"&amp;enmse_sid=227\">Unidos en la diversidad<\/option>\n\t\t\t\t<option value=\"&amp;enmse_sid=221\">Con Nosotros - NK<\/option>\n\t\t\t\t<option value=\"&amp;enmse_sid=218\">El libro de Santiago - NK<\/option>\n\t\t\t\t<option value=\"&amp;enmse_sid=214\">Un Verano En Los Salmos - NK<\/option>\n\t\t\t\t<option value=\"&amp;enmse_sid=211\">Verdades Que Nunca Cambian  - NK<\/option>\n\t\t\t\t<option value=\"&amp;enmse_sid=209\">Celebraci\u00f3n de Resurrecci\u00f3n 2023 - NK<\/option>\n\t\t\t\t<option value=\"&amp;enmse_sid=206\">Palabras en Rojo: Siete ense\u00f1anzas para m\u00ed desde la cruz - NK<\/option>\n\t\t\t\t<option value=\"&amp;enmse_sid=203\">Enfoque - NK <\/option>\n\t\t\t\t<option value=\"&amp;enmse_sid=199\">Evidencias - NK<\/option>\n\t\t\t\t<option value=\"&amp;enmse_sid=197\">D\u00eda de Misiones - NK<\/option>\n\t\t\t\t<option value=\"&amp;enmse_sid=193\">BENDECIR - NK<\/option>\n\t\t\t\t<option value=\"&amp;enmse_sid=191\">Persiguiendo La Sensatez - En un Mundo en Caos - NK <\/option>\n\t\t\t\t<option value=\"&amp;enmse_sid=188\">\u00c9xitos de Verano - NK<\/option>\n\t\t\t\t<option value=\"&amp;enmse_sid=184\">FACE TIME \u2014 Cultivando una conexi\u00f3n genuinam- NK<\/option>\n\t\t\t\t<option value=\"&amp;enmse_sid=179\">Celebraci\u00f3n de Resurrecci\u00f3n - NK <\/option>\n\t\t\t\t<option value=\"&amp;enmse_sid=173\">Buenas Noticias - Nace un Salvador - NK<\/option>\n\t\t\t\t<option value=\"&amp;enmse_sid=168\">HACIA ADELANTE  | Un estudio a trav\u00e9s del libro de los Hechos - NK<\/option>\n\t\t\t\t<option value=\"&amp;enmse_sid=162\">Historias Grandiosas del Antiguo Testamento - NK<\/option>\n\t\t\t\t<option value=\"&amp;enmse_sid=153\">Determinados - NK<\/option>\n\t\t\t\t<option value=\"&amp;enmse_sid=147\">Nunca Igual - NK<\/option>\n\t\t\t\t<option value=\"&amp;enmse_sid=144\">La Iglesia y Su Esencia - NK<\/option>\n\t\t\t\t<option value=\"&amp;enmse_sid=138\">Cuando Dios Interviene - NK <\/option>\n\t\t\t\t<option value=\"&amp;enmse_sid=122\">Otro - NK <\/option>\n\t\t\n\t<\/select>\n\t\t\t<select name=\"enmse_speakers\" class=\"enmse_speakers\">\n\t\t<option value=\"0\">- Buscar Predicadores -<\/option>\n\t\t\t\t<option value=\"&amp;enmse_spid=15\">Armando Allen<\/option>\n\t\t\t\t<option value=\"&amp;enmse_spid=47\">Julio Arriola<\/option>\n\t\t\t\t<option value=\"&amp;enmse_spid=46\">EMERY BASTIDAS<\/option>\n\t\t\t\t<option value=\"&amp;enmse_spid=2\">Esteban Bauducco<\/option>\n\t\t\t\t<option value=\"&amp;enmse_spid=38\">Daniel  Calveti <\/option>\n\t\t\t\t<option value=\"&amp;enmse_spid=21\">Eliel Diaz<\/option>\n\t\t\t\t<option value=\"&amp;enmse_spid=43\">Job Gonzalez<\/option>\n\t\t\t\t<option value=\"&amp;enmse_spid=8\">Ramon Medina<\/option>\n\t\t\t\t<option value=\"&amp;enmse_spid=10\">Ivan Orellana<\/option>\n\t\t\t\t<option value=\"&amp;enmse_spid=17\">Luis Pavon<\/option>\n\t\t\t\t<option value=\"&amp;enmse_spid=11\">Sixto Porras<\/option>\n\t\t\t\t<option value=\"&amp;enmse_spid=36\">Jarrett Stephens<\/option>\n\t\t\t\t<option value=\"&amp;enmse_spid=12\">Esteban Vazquez<\/option>\n\t\t\t\t<option value=\"&amp;enmse_spid=40\">Francisco  Vieira <\/option>\n\t\t\t\t<option value=\"&amp;enmse_spid=42\">Alex  Zu\u00f1iga <\/option>\n\t\t\t<\/select>\n\t\t\t<select name=\"enmse_topics\" class=\"enmse_topics\">\n\t\t<option value=\"0\">- Buscar Temas -<\/option>\n\t\t\t\t<option value=\"&amp;enmse_tid=35\">1 Juan<\/option>\n\t\t\t\t<option value=\"&amp;enmse_tid=33\">1 Pedro<\/option>\n\t\t\t\t<option value=\"&amp;enmse_tid=15\">1 Samuel<\/option>\n\t\t\t\t<option value=\"&amp;enmse_tid=22\">1 Tesalonicenses<\/option>\n\t\t\t\t<option value=\"&amp;enmse_tid=37\">2 Corintios<\/option>\n\t\t\t\t<option value=\"&amp;enmse_tid=14\">2 Cr\u00f3nicas<\/option>\n\t\t\t\t<option value=\"&amp;enmse_tid=54\">2 Pedro<\/option>\n\t\t\t\t<option value=\"&amp;enmse_tid=13\">2 Reyes<\/option>\n\t\t\t\t<option value=\"&amp;enmse_tid=36\">2 Samuel<\/option>\n\t\t\t\t<option value=\"&amp;enmse_tid=45\">2 Timoteo<\/option>\n\t\t\t\t<option value=\"&amp;enmse_tid=28\">Colosenses<\/option>\n\t\t\t\t<option value=\"&amp;enmse_tid=10\">Daniel<\/option>\n\t\t\t\t<option value=\"&amp;enmse_tid=42\">Deuteronomio<\/option>\n\t\t\t\t<option value=\"&amp;enmse_tid=20\">Efesios<\/option>\n\t\t\t\t<option value=\"&amp;enmse_tid=48\">Ester<\/option>\n\t\t\t\t<option value=\"&amp;enmse_tid=3\">Filipenses<\/option>\n\t\t\t\t<option value=\"&amp;enmse_tid=17\">G\u00e9nesis<\/option>\n\t\t\t\t<option value=\"&amp;enmse_tid=34\">Hebreos<\/option>\n\t\t\t\t<option value=\"&amp;enmse_tid=40\">Hechos <\/option>\n\t\t\t\t<option value=\"&amp;enmse_tid=4\">Hechos<\/option>\n\t\t\t\t<option value=\"&amp;enmse_tid=12\">Isa\u00edas<\/option>\n\t\t\t\t<option value=\"&amp;enmse_tid=39\">Jon\u00e1s<\/option>\n\t\t\t\t<option value=\"&amp;enmse_tid=24\">Josu\u00e9<\/option>\n\t\t\t\t<option value=\"&amp;enmse_tid=26\">Juan<\/option>\n\t\t\t\t<option value=\"&amp;enmse_tid=6\">Jueces<\/option>\n\t\t\t\t<option value=\"&amp;enmse_tid=18\">Lucas<\/option>\n\t\t\t\t<option value=\"&amp;enmse_tid=43\">Marcos<\/option>\n\t\t\t\t<option value=\"&amp;enmse_tid=30\">Marcos<\/option>\n\t\t\t\t<option value=\"&amp;enmse_tid=2\">Mateo<\/option>\n\t\t\t\t<option value=\"&amp;enmse_tid=8\">Nehem\u00edas<\/option>\n\t\t\t\t<option value=\"&amp;enmse_tid=23\">Romanos<\/option>\n\t\t\t\t<option value=\"&amp;enmse_tid=5\">Salmos<\/option>\n\t\t\t\t<option value=\"&amp;enmse_tid=21\">Santiago<\/option>\n\t\t\t<\/select>\n\t\t<\/div>\n\t\t\t\t\t<!-- Single Message and Related Series Details -->\n<h3 class=\"enmse-message-meta\">Esteban Vazquez - April 26, 2026<\/h3>\n<h2 class=\"enmse-message-title\">Jes\u00fas Prepar\u00f3 El Fuego<\/h2>\n<!-- Display Audio or Video -->\n<div class=\"enmse-player\" >\n    <div class=\"enmse-media-container\">\n\t\t<div class=\"enmse-watch w1691307488\" ><div class=\"enmse-vid-container\"><iframe loading=\"lazy\" width=\"560\" height=\"315\" src=\"https:\/\/www.youtube.com\/embed\/iZbAA4UMvPI?si=i4pZ8DEoqhulB2p6\" title=\"YouTube video player\" frameborder=\"0\" allow=\"accelerometer; autoplay; clipboard-write; encrypted-media; gyroscope; picture-in-picture; web-share\" referrerpolicy=\"strict-origin-when-cross-origin\" allowfullscreen><\/iframe><\/div><\/div>\n\t\t<div class=\"enmse-listen\" style=\"display:none;\"><img decoding=\"async\" src=\"https:\/\/esp.championforest.org\/media\/all\/wp-content\/uploads\/2026\/04\/Title-Screen-16x9-SPAN-1000x563.jpg\" alt=\"\u00bfY ahora qu\u00e9? - NK\" border=\"0\" \/><div class=\"enmse-audio\"><a href=\"https:\/\/esp.championforest.org\/media\/all\/wp-content\/uploads\/2026\/04\/NK_2026_0426_Sermon_Spanish.mp3\" id=\"enmse-download\"  download>Download<\/a><audio src=\"https:\/\/esp.championforest.org\/media\/all\/wp-content\/uploads\/2026\/04\/NK_2026_0426_Sermon_Spanish.mp3\" controls=\"controls\" class=\"enmse-audio-player enmseaplayer\" rel=\"1\" name=\"1492\" preload=\"metadata\"><\/audio><\/div><\/div>\n\t\t<div class=\"enmse-alternate a1691307488\" style=\"display:none;\"><\/div>\n\t<\/div>\n\t<ul class=\"enmse-player-tabs\">\n\t\t<li class=\"enmse-watch-tab enmse-tab-selected\"><a href=\"https:\/\/esp.championforest.org\/media\/all\/sermones-north-klein\/?enmse=1&amp;enmse_mid=1492\" >Ver<\/a><\/li>\t\t<li class=\"enmse-listen-tab\"><a href=\"https:\/\/esp.championforest.org\/media\/all\/sermones-north-klein\/?enmse=1&amp;enmse_mid=1492&amp;enmse_av=1\" >Escuchar<\/a><\/li>\t\t\t<\/ul>\n\t<ul class=\"enmse-player-options\">\n\t\t<li class=\"enmse-details\"><a href=\"#\" class=\"enmse-show-details\">Details<\/a><\/li>\n\t\t\t\t<li class=\"enmse-share-this\"><a href=\"#\" class=\"enmse-show-share\">Share<\/a><\/li>\n\t<\/ul>\n\t<div style=\"clear: both;\"><\/div>\n\t<div class=\"enmse-player-details\" style=\"display: none\">\n\t\t\n\t\t<p class=\"enmse-message-description\">Pastor Esteban Vazquez\r\nJuan 21:15-19\r\n04.26.2026<\/p>\t    <h3>From Serie: \"<em>\u00bfY ahora qu\u00e9? - NK<\/em>\"<\/h3>\t    <p>Despu\u00e9s de la resurrecci\u00f3n, Jes\u00fas no solo resucit\u00f3 y desapareci\u00f3. \u00c9l se encontr\u00f3 con las personas justo donde estaban: en su dolor, en su duda, en su temor. En esta serie, estamos viendo por qu\u00e9 la resurrecci\u00f3n importa. Caminaremos a trav\u00e9s de estos encuentros reales y descubriremos lo que Jes\u00fas resucitado todav\u00eda habla a nuestras vidas hoy.<\/p>\t   \t\t\t\t\t<!-- Related Topics -->\n\t\t\t\t<p class=\"enmse-related-topics\"><strong>Related Temas:<\/strong> <a href=\"https:\/\/esp.championforest.org\/media\/all\/sermones-north-klein\/?enmse=1&amp;enmse_tid=26\" class=\"enmse-topic-ajax\">Juan<input type=\"hidden\" name=\"enmse-topic-info\" value=\"&amp;enmse_tid=26\" class=\"enmse-topic-info\"><\/a><\/p>\t\t\t\t\t\t<p class=\"enmse-related-topics\"><a href=\"https:\/\/esp.championforest.org\/media\/all\/sermones-north-klein\/?enmse=1&amp;enmse_spid=12\" class=\"enmse-speaker-ajax\">More Mensajes from Esteban Vazquez<input type=\"hidden\" name=\"enmse-speaker-info\" value=\"&amp;enmse_spid=12\" class=\"enmse-speaker-info\"><\/a><\/p>\t<\/div>\n\t<div class=\"enmse-player-extras\" style=\"display: none\">\n\t\t\t<\/div>\n\t<div class=\"enmse-share-details\" style=\"display: none\">\n\t\t\t\t<ul>\n\t<li class=\"enmse-facebook\"><a href=\"http:\/\/www.facebook.com\/sharer\/sharer.php?u=https:\/\/esp.championforest.org\/media\/all\/messages\/jes-s-preparo-el-fuego\/\" target=\"_blank\"><span>Facebook<\/span><\/a><\/li>\n\t<li class=\"enmse-twitter\"><a href=\"https:\/\/twitter.com\/intent\/tweet?text=%22Jes\u00fas Prepar\u00f3 El Fuego%22%20on%20Media Player:&url=%20https:\/\/esp.championforest.org\/media\/all\/messages\/jes-s-preparo-el-fuego\/\" target=\"_blank\"><span>Twitter<\/span><\/a><\/li>\n\t<li class=\"enmse-share-link\"><a href=\"https:\/\/esp.championforest.org\/media\/all\/messages\/jes-s-preparo-el-fuego\/\"><span>Compartir Enlace<\/span><\/a><input type=\"hidden\" class=\"enmsecopylink\" value=\"https:\/\/esp.championforest.org\/media\/all\/messages\/jes-s-preparo-el-fuego\/\" \/><\/li>\n\t<li class=\"enmse-email\"><a href=\"mailto:TypeEmailHere@address.com?body=https:\/\/esp.championforest.org\/media\/all\/messages\/jes-s-preparo-el-fuego\/\"><span>Enviar Correo Electr\u00f3nico<\/span><\/a><\/li>\n\t<\/div>\n<\/div>\t\n\t\t\t\t\t\t\t<!-- Related Messages -->\n<h3 class=\"enmse-more-title\">M\u00e1s de \"<em>\u00bfY ahora qu\u00e9? - NK<\/em>\"<\/h3>\n\t\t<div class=\"enmse-related-area\" id=\"enmse-related1691307488\">\n\t\t<table class=\"enmse-more-messages\" cellpadding=\"0\" cellspacing=\"0\">\n\t\t\t\t    \t<tr class=\"enmse-odd\">\n\t            <td class=\"enmse-title-cell\">Jes\u00fas Prepar\u00f3 El Fuego<\/td>\n\t            <td class=\"enmse-date-cell enmse-speaker-cell\">Esteban Vazquez<\/td>\n\t            <td class=\"enmse-date-cell\">April 26, 2026<\/td>\n\t\t\t\t<td class=\"enmse-alternate-cell\"><input type=\"hidden\" name=\"enmse-ajax-values\" value=\"&amp;enmse_sid=308&amp;enmse_mid=1492&amp;enmse_xv=1\" class=\"enmse-ajax-values\"><\/td><td class=\"enmse-watch-cell\"><a href=\"https:\/\/esp.championforest.org\/media\/all\/sermones-north-klein\/?enmse=1&amp;enmse_sid=308&amp;enmse_mid=1492\" class=\"enmse-ajax-link\">Ver<\/a><span class=\"enmse-spacer\">&nbsp;&nbsp;&nbsp;<\/span><input type=\"hidden\" name=\"enmse-ajax-values\" value=\"&amp;enmse_sid=308&amp;enmse_mid=1492\" class=\"enmse-ajax-values\"><\/td><td class=\"enmse-listen-cell\"><a href=\"https:\/\/esp.championforest.org\/media\/all\/sermones-north-klein\/?enmse=1&amp;enmse_sid=308&amp;enmse_mid=1492&amp;enmse_av=1\" class=\"enmse-ajax-link\">Escuchar<\/a><input type=\"hidden\" name=\"enmse-ajax-values\" value=\"&amp;enmse_sid=308&amp;enmse_mid=1492&amp;enmse_av=1\" class=\"enmse-ajax-values\"><\/td>\t\t\t<\/tr>\n\t\t\t\t    \t<tr class=\"enmse-even\">\n\t            <td class=\"enmse-title-cell\">PAZ<\/td>\n\t            <td class=\"enmse-date-cell enmse-speaker-cell\">Alex  Zu\u00f1iga <\/td>\n\t            <td class=\"enmse-date-cell\">April 19, 2026<\/td>\n\t\t\t\t<td class=\"enmse-alternate-cell\"><input type=\"hidden\" name=\"enmse-ajax-values\" value=\"&amp;enmse_sid=308&amp;enmse_mid=1489&amp;enmse_xv=1\" class=\"enmse-ajax-values\"><\/td><td class=\"enmse-watch-cell\"><a href=\"https:\/\/esp.championforest.org\/media\/all\/sermones-north-klein\/?enmse=1&amp;enmse_sid=308&amp;enmse_mid=1489\" class=\"enmse-ajax-link\">Ver<\/a><span class=\"enmse-spacer\">&nbsp;&nbsp;&nbsp;<\/span><input type=\"hidden\" name=\"enmse-ajax-values\" value=\"&amp;enmse_sid=308&amp;enmse_mid=1489\" class=\"enmse-ajax-values\"><\/td><td class=\"enmse-listen-cell\"><a href=\"https:\/\/esp.championforest.org\/media\/all\/sermones-north-klein\/?enmse=1&amp;enmse_sid=308&amp;enmse_mid=1489&amp;enmse_av=1\" class=\"enmse-ajax-link\">Escuchar<\/a><input type=\"hidden\" name=\"enmse-ajax-values\" value=\"&amp;enmse_sid=308&amp;enmse_mid=1489&amp;enmse_av=1\" class=\"enmse-ajax-values\"><\/td>\t\t\t<\/tr>\n\t\t\t\t    \t<tr class=\"enmse-odd\">\n\t            <td class=\"enmse-title-cell\">M\u00c1S CERCA DE LO QUE CREES<\/td>\n\t            <td class=\"enmse-date-cell enmse-speaker-cell\">Alex  Zu\u00f1iga <\/td>\n\t            <td class=\"enmse-date-cell\">April 12, 2026<\/td>\n\t\t\t\t<td class=\"enmse-alternate-cell\"><input type=\"hidden\" name=\"enmse-ajax-values\" value=\"&amp;enmse_sid=308&amp;enmse_mid=1488&amp;enmse_xv=1\" class=\"enmse-ajax-values\"><\/td><td class=\"enmse-watch-cell\"><a href=\"https:\/\/esp.championforest.org\/media\/all\/sermones-north-klein\/?enmse=1&amp;enmse_sid=308&amp;enmse_mid=1488\" class=\"enmse-ajax-link\">Ver<\/a><span class=\"enmse-spacer\">&nbsp;&nbsp;&nbsp;<\/span><input type=\"hidden\" name=\"enmse-ajax-values\" value=\"&amp;enmse_sid=308&amp;enmse_mid=1488\" class=\"enmse-ajax-values\"><\/td><td class=\"enmse-listen-cell\"><a href=\"https:\/\/esp.championforest.org\/media\/all\/sermones-north-klein\/?enmse=1&amp;enmse_sid=308&amp;enmse_mid=1488&amp;enmse_av=1\" class=\"enmse-ajax-link\">Escuchar<\/a><input type=\"hidden\" name=\"enmse-ajax-values\" value=\"&amp;enmse_sid=308&amp;enmse_mid=1488&amp;enmse_av=1\" class=\"enmse-ajax-values\"><\/td>\t\t\t<\/tr>\n\t\t\t\t   \t<\/table>\n\t   \t\t<\/div>\n\t\t\t\t\t<input type=\"hidden\" name=\"enmse-embed-options\" value=\"&amp;enmse_lo=1&amp;enmse_a=0&amp;enmse_de=1&amp;enmse_d=0&amp;enmse_sh=0&amp;enmse_ex=0&amp;enmse_dss=0&amp;enmse_dst=0&amp;enmse_dsb=0&amp;enmse_dssp=0&amp;enmse_scm=1&amp;enmse_dsst=6&amp;enmse_dam=0&amp;enmse_sort=DESC&amp;enmse_pag=10&amp;enmse_apag=12&amp;enmse_cv=0&amp;enmse_ddval=three&amp;enmse_hsd=0&amp;enmse_hspd=0&amp;enmse_htd=0&amp;enmse_hbd=1&enmse_hs=0&enmse_hsh=0&enmse_had=0\" class=\"enmse-embed-options\">\n<input type=\"hidden\" name=\"enmse-plugin-url\" value=\"https:\/\/esp.championforest.org\/media\/all\/wp-content\/plugins\/seriesengine_plugin\" class=\"enmse-plugin-url\">\n<input type=\"hidden\" name=\"enmse-permalink\" value=\"https%3A%2F%2Fesp.championforest.org%2Fmedia%2Fall%2Fsermones-north-klein%2F%3Fenmse%3D1\" class=\"enmse-permalink\">\n<input type=\"hidden\" name=\"enmse-permalinknoajax\" value=\"https:\/\/esp.championforest.org\/media\/all\/sermones-north-klein\/?enmse=1\" class=\"enmse-permalinknoajax\">\n<input type=\"hidden\" name=\"xxse\" value=\"L2hvbWUvY2ZiY19jb21tcy9lc3AuY2hhbXBpb25mb3Jlc3Qub3JnL21lZGlhL2FsbC8=\" class=\"xxse\" \/>\t\n\t\t<h3 class=\"enmse-poweredby\"><a href=\"http:\/\/seriesengine.com\" target=\"_blank\">Powered by Series Engine<\/a><\/h3>\t\n\t\t<div style=\"clear: right\"><\/div>\n\t<!-- v2.8.9.010326 -->\n\t<\/div>\n<\/div>\n<\/p>\n","protected":false},"excerpt":{"rendered":"<a href=\"https:\/\/esp.championforest.org\/media\/all\/sermones-north-klein\/\" class=\"button more-button\">Read More<\/a>","protected":false},"author":2,"featured_media":0,"parent":0,"menu_order":0,"comment_status":"closed","ping_status":"closed","template":"","meta":{"footnotes":""},"class_list":["post-218","page","type-page","status-publish","hentry"],"_links":{"self":[{"href":"https:\/\/esp.championforest.org\/media\/all\/wp-json\/wp\/v2\/pages\/218","targetHints":{"allow":["GET"]}}],"collection":[{"href":"https:\/\/esp.championforest.org\/media\/all\/wp-json\/wp\/v2\/pages"}],"about":[{"href":"https:\/\/esp.championforest.org\/media\/all\/wp-json\/wp\/v2\/types\/page"}],"author":[{"embeddable":true,"href":"https:\/\/esp.championforest.org\/media\/all\/wp-json\/wp\/v2\/users\/2"}],"replies":[{"embeddable":true,"href":"https:\/\/esp.championforest.org\/media\/all\/wp-json\/wp\/v2\/comments?post=218"}],"version-history":[{"count":1,"href":"https:\/\/esp.championforest.org\/media\/all\/wp-json\/wp\/v2\/pages\/218\/revisions"}],"predecessor-version":[{"id":219,"href":"https:\/\/esp.championforest.org\/media\/all\/wp-json\/wp\/v2\/pages\/218\/revisions\/219"}],"wp:attachment":[{"href":"https:\/\/esp.championforest.org\/media\/all\/wp-json\/wp\/v2\/media?parent=218"}],"curies":[{"name":"wp","href":"https:\/\/api.w.org\/{rel}","templated":true}]}}