{"id":275,"date":"2020-04-19T13:19:15","date_gmt":"2020-04-19T19:19:15","guid":{"rendered":"https:\/\/esp.championforest.org\/devotionals\/?page_id=275"},"modified":"2021-12-08T12:23:11","modified_gmt":"2021-12-08T18:23:11","slug":"devocionales-lucas","status":"publish","type":"page","link":"https:\/\/esp.championforest.org\/devotionals\/devocionales-lucas\/","title":{"rendered":"Devocionales Lucas"},"content":{"rendered":"\n<div class=\"aligncenter wp-block-ugb-blog-posts ugb-blog-posts ugb-bd7d0a5 ugb-blog-posts--v2 ugb-blog-posts--design-basic ugb-blog-posts--columns-2 ugb-main-block\"><style>.ugb-bd7d0a5 .ugb-blog-posts__featured-image{border-radius:12px !important}<\/style><div class=\"ugb-inner-block\"><div class=\"ugb-block-content\"><article class=\"ugb-blog-posts__item\"><div class=\"ugb-blog-posts__content\"><h3 class=\"ugb-blog-posts__title\"><a href=\"https:\/\/esp.championforest.org\/devotionals\/lucas-capitulo-24\/\">Lucas Cap\u00edtulo 24<\/a><\/h3><div class=\"ugb-blog-posts__excerpt\"><p>Lucas 24 La resurrecci\u00f3n (Mt. 28.1-10; Mr. 16.1-8; Jn. 20.1-10) El primer d\u00eda de la semana, muy de ma\u00f1ana, vinieron al sepulcro,&#8230;<\/div><p class=\"ugb-blog-posts__readmore\"><a href=\"https:\/\/esp.championforest.org\/devotionals\/lucas-capitulo-24\/\">Continue reading<\/a><\/p><\/div><\/article><article class=\"ugb-blog-posts__item\"><div class=\"ugb-blog-posts__content\"><h3 class=\"ugb-blog-posts__title\"><a href=\"https:\/\/esp.championforest.org\/devotionals\/lucas-capitulo-23\/\">Lucas Cap\u00edtulo 23<\/a><\/h3><div class=\"ugb-blog-posts__excerpt\"><p>Lucas 23 Jes\u00fas ante Pilato (Mt. 27.1-2,11-14; Mr. 15.1-5; Jn. 18.28-38) Levant\u00e1ndose entonces toda la muchedumbre de ellos, llevaron a Jes\u00fas a&#8230;<\/div><p class=\"ugb-blog-posts__readmore\"><a href=\"https:\/\/esp.championforest.org\/devotionals\/lucas-capitulo-23\/\">Continue reading<\/a><\/p><\/div><\/article><article class=\"ugb-blog-posts__item\"><div class=\"ugb-blog-posts__content\"><h3 class=\"ugb-blog-posts__title\"><a href=\"https:\/\/esp.championforest.org\/devotionals\/lucas-capitulo-22\/\">Lucas Cap\u00edtulo 22<\/a><\/h3><div class=\"ugb-blog-posts__excerpt\"><p>Lucas 22 El complot para matar a Jes\u00fas (Mt. 26.1-5,14-16; Mr. 14.1-2,10-11; Jn. 11.45-53) Estaba cerca la fiesta de los panes sin&#8230;<\/div><p class=\"ugb-blog-posts__readmore\"><a href=\"https:\/\/esp.championforest.org\/devotionals\/lucas-capitulo-22\/\">Continue reading<\/a><\/p><\/div><\/article><article class=\"ugb-blog-posts__item\"><div class=\"ugb-blog-posts__content\"><h3 class=\"ugb-blog-posts__title\"><a href=\"https:\/\/esp.championforest.org\/devotionals\/lucas-capitulo-21\/\">Lucas Cap\u00edtulo 21<\/a><\/h3><div class=\"ugb-blog-posts__excerpt\"><p>Lucas 21 La ofrenda de la viuda (Mr. 12.41-44) Levantando los ojos, vio a los ricos que echaban sus ofrendas en el&#8230;<\/div><p class=\"ugb-blog-posts__readmore\"><a href=\"https:\/\/esp.championforest.org\/devotionals\/lucas-capitulo-21\/\">Continue reading<\/a><\/p><\/div><\/article><article class=\"ugb-blog-posts__item\"><div class=\"ugb-blog-posts__content\"><h3 class=\"ugb-blog-posts__title\"><a href=\"https:\/\/esp.championforest.org\/devotionals\/lucas-capitulo-20\/\">Lucas Cap\u00edtulo 20<\/a><\/h3><div class=\"ugb-blog-posts__excerpt\"><p>Lucas 20 La autoridad de Jes\u00fas (Mt. 21.23-27; Mr. 11.27-33) Sucedi\u00f3 un d\u00eda, que ense\u00f1ando Jes\u00fas al pueblo en el templo, y&#8230;<\/div><p class=\"ugb-blog-posts__readmore\"><a href=\"https:\/\/esp.championforest.org\/devotionals\/lucas-capitulo-20\/\">Continue reading<\/a><\/p><\/div><\/article><article class=\"ugb-blog-posts__item\"><div class=\"ugb-blog-posts__content\"><h3 class=\"ugb-blog-posts__title\"><a href=\"https:\/\/esp.championforest.org\/devotionals\/lucas-capitulo-19\/\">Lucas Cap\u00edtulo 19<\/a><\/h3><div class=\"ugb-blog-posts__excerpt\"><p>Lucas 19 Jes\u00fas y Zaqueo Habiendo entrado Jes\u00fas en Jeric\u00f3, iba pasando por la ciudad. 2&nbsp;Y sucedi\u00f3 que un var\u00f3n llamado Zaqueo,&#8230;<\/div><p class=\"ugb-blog-posts__readmore\"><a href=\"https:\/\/esp.championforest.org\/devotionals\/lucas-capitulo-19\/\">Continue reading<\/a><\/p><\/div><\/article><article class=\"ugb-blog-posts__item\"><div class=\"ugb-blog-posts__content\"><h3 class=\"ugb-blog-posts__title\"><a href=\"https:\/\/esp.championforest.org\/devotionals\/lucas-capitulo-18\/\">Lucas Cap\u00edtulo 18<\/a><\/h3><div class=\"ugb-blog-posts__excerpt\"><p>Lucas 18 Par\u00e1bola de la viuda y el juez injusto Tambi\u00e9n les refiri\u00f3 Jes\u00fas una par\u00e1bola sobre la necesidad de orar siempre,&#8230;<\/div><p class=\"ugb-blog-posts__readmore\"><a href=\"https:\/\/esp.championforest.org\/devotionals\/lucas-capitulo-18\/\">Continue reading<\/a><\/p><\/div><\/article><article class=\"ugb-blog-posts__item\"><div class=\"ugb-blog-posts__content\"><h3 class=\"ugb-blog-posts__title\"><a href=\"https:\/\/esp.championforest.org\/devotionals\/lucas-capitulo-17\/\">Lucas Cap\u00edtulo 17<\/a><\/h3><div class=\"ugb-blog-posts__excerpt\"><p>Lucas 17 Ocasiones de caer (Mt. 18.6-7,21-22; Mr. 9.42) Dijo Jes\u00fas a sus disc\u00edpulos: Imposible es que no vengan tropiezos; mas !!ay&#8230;<\/div><p class=\"ugb-blog-posts__readmore\"><a href=\"https:\/\/esp.championforest.org\/devotionals\/lucas-capitulo-17\/\">Continue reading<\/a><\/p><\/div><\/article><article class=\"ugb-blog-posts__item\"><div class=\"ugb-blog-posts__content\"><h3 class=\"ugb-blog-posts__title\"><a href=\"https:\/\/esp.championforest.org\/devotionals\/lucas-capitulo-16\/\">Lucas Cap\u00edtulo 16<\/a><\/h3><div class=\"ugb-blog-posts__excerpt\"><p>Lucas 16 Par\u00e1bola del mayordomo infiel Dijo tambi\u00e9n a sus disc\u00edpulos: Hab\u00eda un hombre rico que ten\u00eda un mayordomo, y \u00e9ste fue&#8230;<\/div><p class=\"ugb-blog-posts__readmore\"><a href=\"https:\/\/esp.championforest.org\/devotionals\/lucas-capitulo-16\/\">Continue reading<\/a><\/p><\/div><\/article><article class=\"ugb-blog-posts__item\"><div class=\"ugb-blog-posts__content\"><h3 class=\"ugb-blog-posts__title\"><a href=\"https:\/\/esp.championforest.org\/devotionals\/lucas-capitulo-15\/\">Lucas Cap\u00edtulo 15<\/a><\/h3><div class=\"ugb-blog-posts__excerpt\"><p>El amor radical de Jes\u00fas por los pecadores y los marginados fue criticado por los l\u00edderes religiosos de su \u00e9poca. En respuesta,&#8230;<\/div><p class=\"ugb-blog-posts__readmore\"><a href=\"https:\/\/esp.championforest.org\/devotionals\/lucas-capitulo-15\/\">Continue reading<\/a><\/p><\/div><\/article><article class=\"ugb-blog-posts__item\"><div class=\"ugb-blog-posts__content\"><h3 class=\"ugb-blog-posts__title\"><a href=\"https:\/\/esp.championforest.org\/devotionals\/lucas-capitulo-14\/\">Lucas Cap\u00edtulo 14<\/a><\/h3><div class=\"ugb-blog-posts__excerpt\"><p>En Lucas 14, Jes\u00fas usa una par\u00e1bola para ense\u00f1ar sobre la importancia y la necesidad de la humildad en nuestras vidas. Si&#8230;<\/div><p class=\"ugb-blog-posts__readmore\"><a href=\"https:\/\/esp.championforest.org\/devotionals\/lucas-capitulo-14\/\">Continue reading<\/a><\/p><\/div><\/article><article class=\"ugb-blog-posts__item\"><div class=\"ugb-blog-posts__content\"><h3 class=\"ugb-blog-posts__title\"><a href=\"https:\/\/esp.championforest.org\/devotionals\/lucas-capitulo-13\/\">Lucas Cap\u00edtulo 13<\/a><\/h3><div class=\"ugb-blog-posts__excerpt\"><p>El mensaje del evangelio requiere un llamado necesario al arrepentimiento. El arrepentimiento es tener un cambio de idea y direcci\u00f3n, es decir&#8230;<\/div><p class=\"ugb-blog-posts__readmore\"><a href=\"https:\/\/esp.championforest.org\/devotionals\/lucas-capitulo-13\/\">Continue reading<\/a><\/p><\/div><\/article><article class=\"ugb-blog-posts__item\"><div class=\"ugb-blog-posts__content\"><h3 class=\"ugb-blog-posts__title\"><a href=\"https:\/\/esp.championforest.org\/devotionals\/lucas-capitulo-12\/\">Lucas Cap\u00edtulo 12<\/a><\/h3><div class=\"ugb-blog-posts__excerpt\"><p>En Lucas 12, Jes\u00fas habla a sus disc\u00edpulos sobre el miedo y la ansiedad. Cuatro veces a lo largo del cap\u00edtulo les&#8230;<\/div><p class=\"ugb-blog-posts__readmore\"><a href=\"https:\/\/esp.championforest.org\/devotionals\/lucas-capitulo-12\/\">Continue reading<\/a><\/p><\/div><\/article><article class=\"ugb-blog-posts__item\"><div class=\"ugb-blog-posts__content\"><h3 class=\"ugb-blog-posts__title\"><a href=\"https:\/\/esp.championforest.org\/devotionals\/lucas-capitulo-11\/\">Lucas Cap\u00edtulo 11<\/a><\/h3><div class=\"ugb-blog-posts__excerpt\"><p>Jes\u00fas ense\u00f1\u00f3 a sus disc\u00edpulos c\u00f3mo orar, as\u00ed como la importancia de la persistencia en la oraci\u00f3n. Debemos orar a Dios, no&#8230;<\/div><p class=\"ugb-blog-posts__readmore\"><a href=\"https:\/\/esp.championforest.org\/devotionals\/lucas-capitulo-11\/\">Continue reading<\/a><\/p><\/div><\/article><article class=\"ugb-blog-posts__item\"><div class=\"ugb-blog-posts__content\"><h3 class=\"ugb-blog-posts__title\"><a href=\"https:\/\/esp.championforest.org\/devotionals\/lucas-capitulo-10\/\">Lucas Cap\u00edtulo 10<\/a><\/h3><div class=\"ugb-blog-posts__excerpt\"><p>Lucas 10 Misi\u00f3n de los setenta Despu\u00e9s de estas cosas, design\u00f3 el Se\u00f1or tambi\u00e9n a otros setenta, a quienes envi\u00f3 de dos&#8230;<\/div><p class=\"ugb-blog-posts__readmore\"><a href=\"https:\/\/esp.championforest.org\/devotionals\/lucas-capitulo-10\/\">Continue reading<\/a><\/p><\/div><\/article><article class=\"ugb-blog-posts__item\"><div class=\"ugb-blog-posts__content\"><h3 class=\"ugb-blog-posts__title\"><a href=\"https:\/\/esp.championforest.org\/devotionals\/lucas-capitulo-9\/\">Lucas Cap\u00edtulo 9<\/a><\/h3><div class=\"ugb-blog-posts__excerpt\"><p>Jes\u00fas eligi\u00f3 a 12 disc\u00edpulos para ense\u00f1ar, entrenar y enviar. \u00c9l model\u00f3 nos ense\u00f1a a c\u00f3mo invertir en las relaciones. Sab\u00eda que&#8230;<\/div><p class=\"ugb-blog-posts__readmore\"><a href=\"https:\/\/esp.championforest.org\/devotionals\/lucas-capitulo-9\/\">Continue reading<\/a><\/p><\/div><\/article><article class=\"ugb-blog-posts__item\"><div class=\"ugb-blog-posts__content\"><h3 class=\"ugb-blog-posts__title\"><a href=\"https:\/\/esp.championforest.org\/devotionals\/lucas-capitulo-8\/\">Lucas Cap\u00edtulo 8<\/a><\/h3><div class=\"ugb-blog-posts__excerpt\"><p>Jes\u00fas ense\u00f1\u00f3 usando par\u00e1bolas. William Barclay define estas par\u00e1bolas como &#8220;historias terrenales con un significado celestial&#8221;, y una de las m\u00e1s conocidas&#8230;<\/div><p class=\"ugb-blog-posts__readmore\"><a href=\"https:\/\/esp.championforest.org\/devotionals\/lucas-capitulo-8\/\">Continue reading<\/a><\/p><\/div><\/article><article class=\"ugb-blog-posts__item\"><div class=\"ugb-blog-posts__content\"><h3 class=\"ugb-blog-posts__title\"><a href=\"https:\/\/esp.championforest.org\/devotionals\/lucas-capitulo-7\/\">Lucas Cap\u00edtulo 7<\/a><\/h3><div class=\"ugb-blog-posts__excerpt\"><p>El ap\u00f3stol Lucas ilustra, a prop\u00f3sito con sus historias elegidas de la vida de Jes\u00fas, que Jes\u00fas vino para todas las personas,&#8230;<\/div><p class=\"ugb-blog-posts__readmore\"><a href=\"https:\/\/esp.championforest.org\/devotionals\/lucas-capitulo-7\/\">Continue reading<\/a><\/p><\/div><\/article><article class=\"ugb-blog-posts__item\"><div class=\"ugb-blog-posts__content\"><h3 class=\"ugb-blog-posts__title\"><a href=\"https:\/\/esp.championforest.org\/devotionals\/lucas-capitulo-6\/\">Lucas Cap\u00edtulo 6<\/a><\/h3><div class=\"ugb-blog-posts__excerpt\"><p>Mientras Jes\u00fas contin\u00faa su ministerio p\u00fablico en Galilea, tiene varias confrontaciones con los l\u00edderes religiosos de su \u00e9poca que est\u00e1n m\u00e1s interesados&#8230;<\/div><p class=\"ugb-blog-posts__readmore\"><a href=\"https:\/\/esp.championforest.org\/devotionals\/lucas-capitulo-6\/\">Continue reading<\/a><\/p><\/div><\/article><article class=\"ugb-blog-posts__item\"><div class=\"ugb-blog-posts__content\"><h3 class=\"ugb-blog-posts__title\"><a href=\"https:\/\/esp.championforest.org\/devotionals\/lucas-capitulo-5\/\">Lucas Cap\u00edtulo 5<\/a><\/h3><div class=\"ugb-blog-posts__excerpt\"><p>En este momento, el ministerio de Jes\u00fas ha comenzado e incluso ha llamado a sus primeros disc\u00edpulos (vv. 1-11). Los vers\u00edculos 17-26&#8230;<\/div><p class=\"ugb-blog-posts__readmore\"><a href=\"https:\/\/esp.championforest.org\/devotionals\/lucas-capitulo-5\/\">Continue reading<\/a><\/p><\/div><\/article><article class=\"ugb-blog-posts__item\"><div class=\"ugb-blog-posts__content\"><h3 class=\"ugb-blog-posts__title\"><a href=\"https:\/\/esp.championforest.org\/devotionals\/lucas-capitulo-4\/\">Lucas Cap\u00edtulo 4<\/a><\/h3><div class=\"ugb-blog-posts__excerpt\"><p>La tentaci\u00f3n de Jes\u00fas en el desierto que se encuentra en este pasaje de la Escritura es una con la que muchas&#8230;<\/div><p class=\"ugb-blog-posts__readmore\"><a href=\"https:\/\/esp.championforest.org\/devotionals\/lucas-capitulo-4\/\">Continue reading<\/a><\/p><\/div><\/article><article class=\"ugb-blog-posts__item\"><div class=\"ugb-blog-posts__content\"><h3 class=\"ugb-blog-posts__title\"><a href=\"https:\/\/esp.championforest.org\/devotionals\/lucas-capitulo-3\/\">Lucas Cap\u00edtulo 3<\/a><\/h3><div class=\"ugb-blog-posts__excerpt\"><p>Lucas 3 describe a Juan el Bautista preparando el camino para Jes\u00fas, as\u00ed como la genealog\u00eda de Jes\u00fas. Vemos que Juan no&#8230;<\/div><p class=\"ugb-blog-posts__readmore\"><a href=\"https:\/\/esp.championforest.org\/devotionals\/lucas-capitulo-3\/\">Continue reading<\/a><\/p><\/div><\/article><article class=\"ugb-blog-posts__item\"><div class=\"ugb-blog-posts__content\"><h3 class=\"ugb-blog-posts__title\"><a href=\"https:\/\/esp.championforest.org\/devotionals\/lucas-capitulo-2\/\">Lucas Cap\u00edtulo 2<\/a><\/h3><div class=\"ugb-blog-posts__excerpt\"><p>En este pasaje, leemos sobre el nacimiento de Jes\u00fas, su presentaci\u00f3n en el templo y la historia de cuando Jes\u00fas se qued\u00f3&#8230;<\/div><p class=\"ugb-blog-posts__readmore\"><a href=\"https:\/\/esp.championforest.org\/devotionals\/lucas-capitulo-2\/\">Continue reading<\/a><\/p><\/div><\/article><article class=\"ugb-blog-posts__item\"><div class=\"ugb-blog-posts__content\"><h3 class=\"ugb-blog-posts__title\"><a href=\"https:\/\/esp.championforest.org\/devotionals\/lucas-capitulo-1\/\">Lucas Cap\u00edtulo 1<\/a><\/h3><div class=\"ugb-blog-posts__excerpt\"><p>En este primer pasaje de Lucas encontramos el anuncio de los nacimientos de Juan el Bautista y de Jes\u00fas, para luego narrar&#8230;<\/div><p class=\"ugb-blog-posts__readmore\"><a href=\"https:\/\/esp.championforest.org\/devotionals\/lucas-capitulo-1\/\">Continue reading<\/a><\/p><\/div><\/article><\/div><\/div><\/div>\n\n\n\n<div class=\"wp-block-ugb-divider ugb-divider ugb-caf4466 ugb-divider--v2 ugb-divider--design-basic ugb-main-block\"><style>.ugb-caf4466 hr.ugb-divider__hr{margin-left:auto !important;margin-right:auto !important}<\/style><div class=\"ugb-inner-block\"><div class=\"ugb-block-content\"><hr class=\"ugb-divider__hr\"\/><\/div><\/div><\/div>\n\n\n\n<div class=\"wp-block-ugb-button ugb-button-wrapper ugb-ab40acb ugb-main-block\"><div class=\"ugb-inner-block\"><div class=\"ugb-block-content\"><div class=\"ugb-button-container\"><a class=\"ugb-button1 ugb-button ugb-button--size-normal\" href=\"https:\/\/esp.championforest.org\/devotionals\/\" rel=\"\" title=\"\"><span class=\"ugb-button--inner\">Devocionales en casa<\/span><\/a><\/div><\/div><\/div><\/div>\n\n\n\n<p><\/p>\n","protected":false},"excerpt":{"rendered":"<p>Lucas Cap\u00edtulo 24 Lucas 24 La resurrecci\u00f3n (Mt. 28.1-10; Mr. 16.1-8; Jn. 20.1-10) El primer d\u00eda de la semana, muy de ma\u00f1ana, vinieron al sepulcro,&#8230; Continue reading Lucas Cap\u00edtulo 23 Lucas 23 Jes\u00fas ante Pilato (Mt. 27.1-2,11-14; Mr. 15.1-5; Jn. 18.28-38) Levant\u00e1ndose entonces toda la muchedumbre de ellos, llevaron a Jes\u00fas a&#8230; Continue reading Lucas &hellip; <a href=\"https:\/\/esp.championforest.org\/devotionals\/devocionales-lucas\/\" class=\"more-link\">Continue reading <span class=\"screen-reader-text\">Devocionales Lucas<\/span><\/a><\/p>\n","protected":false},"author":2,"featured_media":9,"parent":0,"menu_order":0,"comment_status":"closed","ping_status":"closed","template":"","meta":{"footnotes":""},"class_list":["post-275","page","type-page","status-publish","has-post-thumbnail","hentry"],"featured_image_urls_v2":{"full":["https:\/\/esp.championforest.org\/devotionals\/wp-content\/uploads\/2019\/11\/bible-banner.jpg",2000,733,false],"thumbnail":["https:\/\/esp.championforest.org\/devotionals\/wp-content\/uploads\/2019\/11\/bible-banner-150x150.jpg",150,150,true],"medium":["https:\/\/esp.championforest.org\/devotionals\/wp-content\/uploads\/2019\/11\/bible-banner-300x110.jpg",300,110,true],"medium_large":["https:\/\/esp.championforest.org\/devotionals\/wp-content\/uploads\/2019\/11\/bible-banner-768x281.jpg",768,281,true],"large":["https:\/\/esp.championforest.org\/devotionals\/wp-content\/uploads\/2019\/11\/bible-banner-1024x375.jpg",900,330,true],"1536x1536":["https:\/\/esp.championforest.org\/devotionals\/wp-content\/uploads\/2019\/11\/bible-banner-1536x563.jpg",1536,563,true],"2048x2048":["https:\/\/esp.championforest.org\/devotionals\/wp-content\/uploads\/2019\/11\/bible-banner.jpg",2000,733,false],"post-thumbnail":["https:\/\/esp.championforest.org\/devotionals\/wp-content\/uploads\/2019\/11\/bible-banner.jpg",2000,733,false]},"post_excerpt_stackable_v2":"<p>Lucas Cap\u00edtulo 24Lucas 24 La resurrecci\u00f3n (Mt. 28.1-10; Mr. 16.1-8; Jn. 20.1-10) El primer d\u00eda de la semana, muy de ma\u00f1ana, vinieron al sepulcro,&#8230;Continue readingLucas Cap\u00edtulo 23Lucas 23 Jes\u00fas ante Pilato (Mt. 27.1-2,11-14; Mr. 15.1-5; Jn. 18.28-38) Levant\u00e1ndose entonces toda la muchedumbre de ellos, llevaron a Jes\u00fas a&#8230;Continue readingLucas Cap\u00edtulo 22Lucas 22 El complot para matar a Jes\u00fas (Mt. 26.1-5,14-16; Mr. 14.1-2,10-11; Jn. 11.45-53) Estaba cerca la fiesta de los panes sin&#8230;Continue readingLucas Cap\u00edtulo 21Lucas 21 La ofrenda de la viuda (Mr. 12.41-44) Levantando los ojos, vio a los ricos que echaban sus ofrendas en el&#8230;Continue readingLucas Cap\u00edtulo 20Lucas 20&hellip;<\/p>\n","category_list_v2":"","author_info_v2":{"name":"Champion Forest","url":"https:\/\/esp.championforest.org\/devotionals\/author\/cfbcms_admin\/"},"comments_num_v2":"6544 comments","yoast_head":"<!-- This site is optimized with the Yoast SEO plugin v27.3 - https:\/\/yoast.com\/product\/yoast-seo-wordpress\/ -->\n<title>Devocionales Lucas - Devocionales<\/title>\n<meta name=\"robots\" content=\"index, follow, max-snippet:-1, max-image-preview:large, max-video-preview:-1\" \/>\n<link rel=\"canonical\" href=\"https:\/\/esp.championforest.org\/devotionals\/devocionales-lucas\/\" \/>\n<meta property=\"og:locale\" content=\"en_US\" \/>\n<meta property=\"og:type\" content=\"article\" \/>\n<meta property=\"og:title\" content=\"Devocionales Lucas - Devocionales\" \/>\n<meta property=\"og:description\" content=\"Lucas Cap\u00edtulo 24 Lucas 24 La resurrecci\u00f3n (Mt. 28.1-10; Mr. 16.1-8; Jn. 20.1-10) El primer d\u00eda de la semana, muy de ma\u00f1ana, vinieron al sepulcro,&#8230; Continue reading Lucas Cap\u00edtulo 23 Lucas 23 Jes\u00fas ante Pilato (Mt. 27.1-2,11-14; Mr. 15.1-5; Jn. 18.28-38) Levant\u00e1ndose entonces toda la muchedumbre de ellos, llevaron a Jes\u00fas a&#8230; Continue reading Lucas &hellip; Continue reading Devocionales Lucas\" \/>\n<meta property=\"og:url\" content=\"https:\/\/esp.championforest.org\/devotionals\/devocionales-lucas\/\" \/>\n<meta property=\"og:site_name\" content=\"Devocionales\" \/>\n<meta property=\"article:modified_time\" content=\"2021-12-08T18:23:11+00:00\" \/>\n<meta property=\"og:image\" content=\"https:\/\/esp.championforest.org\/devotionals\/wp-content\/uploads\/2019\/11\/bible-banner.jpg\" \/>\n\t<meta property=\"og:image:width\" content=\"2000\" \/>\n\t<meta property=\"og:image:height\" content=\"733\" \/>\n\t<meta property=\"og:image:type\" content=\"image\/jpeg\" \/>\n<meta name=\"twitter:card\" content=\"summary_large_image\" \/>\n<meta name=\"twitter:label1\" content=\"Est. reading time\" \/>\n\t<meta name=\"twitter:data1\" content=\"1 minute\" \/>\n<script type=\"application\/ld+json\" class=\"yoast-schema-graph\">{\"@context\":\"https:\\\/\\\/schema.org\",\"@graph\":[{\"@type\":\"WebPage\",\"@id\":\"https:\\\/\\\/esp.championforest.org\\\/devotionals\\\/devocionales-lucas\\\/\",\"url\":\"https:\\\/\\\/esp.championforest.org\\\/devotionals\\\/devocionales-lucas\\\/\",\"name\":\"Devocionales Lucas - Devocionales\",\"isPartOf\":{\"@id\":\"https:\\\/\\\/esp.championforest.org\\\/devotionals\\\/#website\"},\"primaryImageOfPage\":{\"@id\":\"https:\\\/\\\/esp.championforest.org\\\/devotionals\\\/devocionales-lucas\\\/#primaryimage\"},\"image\":{\"@id\":\"https:\\\/\\\/esp.championforest.org\\\/devotionals\\\/devocionales-lucas\\\/#primaryimage\"},\"thumbnailUrl\":\"https:\\\/\\\/esp.championforest.org\\\/devotionals\\\/wp-content\\\/uploads\\\/2019\\\/11\\\/bible-banner.jpg\",\"datePublished\":\"2020-04-19T19:19:15+00:00\",\"dateModified\":\"2021-12-08T18:23:11+00:00\",\"breadcrumb\":{\"@id\":\"https:\\\/\\\/esp.championforest.org\\\/devotionals\\\/devocionales-lucas\\\/#breadcrumb\"},\"inLanguage\":\"en-US\",\"potentialAction\":[{\"@type\":\"ReadAction\",\"target\":[\"https:\\\/\\\/esp.championforest.org\\\/devotionals\\\/devocionales-lucas\\\/\"]}]},{\"@type\":\"ImageObject\",\"inLanguage\":\"en-US\",\"@id\":\"https:\\\/\\\/esp.championforest.org\\\/devotionals\\\/devocionales-lucas\\\/#primaryimage\",\"url\":\"https:\\\/\\\/esp.championforest.org\\\/devotionals\\\/wp-content\\\/uploads\\\/2019\\\/11\\\/bible-banner.jpg\",\"contentUrl\":\"https:\\\/\\\/esp.championforest.org\\\/devotionals\\\/wp-content\\\/uploads\\\/2019\\\/11\\\/bible-banner.jpg\",\"width\":2000,\"height\":733},{\"@type\":\"BreadcrumbList\",\"@id\":\"https:\\\/\\\/esp.championforest.org\\\/devotionals\\\/devocionales-lucas\\\/#breadcrumb\",\"itemListElement\":[{\"@type\":\"ListItem\",\"position\":1,\"name\":\"Casa\",\"item\":\"https:\\\/\\\/esp.championforest.org\\\/devotionals\\\/\"},{\"@type\":\"ListItem\",\"position\":2,\"name\":\"Devocionales Lucas\"}]},{\"@type\":\"WebSite\",\"@id\":\"https:\\\/\\\/esp.championforest.org\\\/devotionals\\\/#website\",\"url\":\"https:\\\/\\\/esp.championforest.org\\\/devotionals\\\/\",\"name\":\"Devocionales\",\"description\":\"\",\"potentialAction\":[{\"@type\":\"SearchAction\",\"target\":{\"@type\":\"EntryPoint\",\"urlTemplate\":\"https:\\\/\\\/esp.championforest.org\\\/devotionals\\\/?s={search_term_string}\"},\"query-input\":{\"@type\":\"PropertyValueSpecification\",\"valueRequired\":true,\"valueName\":\"search_term_string\"}}],\"inLanguage\":\"en-US\"}]}<\/script>\n<!-- \/ Yoast SEO plugin. -->","yoast_head_json":{"title":"Devocionales Lucas - Devocionales","robots":{"index":"index","follow":"follow","max-snippet":"max-snippet:-1","max-image-preview":"max-image-preview:large","max-video-preview":"max-video-preview:-1"},"canonical":"https:\/\/esp.championforest.org\/devotionals\/devocionales-lucas\/","og_locale":"en_US","og_type":"article","og_title":"Devocionales Lucas - Devocionales","og_description":"Lucas Cap\u00edtulo 24 Lucas 24 La resurrecci\u00f3n (Mt. 28.1-10; Mr. 16.1-8; Jn. 20.1-10) El primer d\u00eda de la semana, muy de ma\u00f1ana, vinieron al sepulcro,&#8230; Continue reading Lucas Cap\u00edtulo 23 Lucas 23 Jes\u00fas ante Pilato (Mt. 27.1-2,11-14; Mr. 15.1-5; Jn. 18.28-38) Levant\u00e1ndose entonces toda la muchedumbre de ellos, llevaron a Jes\u00fas a&#8230; Continue reading Lucas &hellip; Continue reading Devocionales Lucas","og_url":"https:\/\/esp.championforest.org\/devotionals\/devocionales-lucas\/","og_site_name":"Devocionales","article_modified_time":"2021-12-08T18:23:11+00:00","og_image":[{"width":2000,"height":733,"url":"https:\/\/esp.championforest.org\/devotionals\/wp-content\/uploads\/2019\/11\/bible-banner.jpg","type":"image\/jpeg"}],"twitter_card":"summary_large_image","twitter_misc":{"Est. reading time":"1 minute"},"schema":{"@context":"https:\/\/schema.org","@graph":[{"@type":"WebPage","@id":"https:\/\/esp.championforest.org\/devotionals\/devocionales-lucas\/","url":"https:\/\/esp.championforest.org\/devotionals\/devocionales-lucas\/","name":"Devocionales Lucas - Devocionales","isPartOf":{"@id":"https:\/\/esp.championforest.org\/devotionals\/#website"},"primaryImageOfPage":{"@id":"https:\/\/esp.championforest.org\/devotionals\/devocionales-lucas\/#primaryimage"},"image":{"@id":"https:\/\/esp.championforest.org\/devotionals\/devocionales-lucas\/#primaryimage"},"thumbnailUrl":"https:\/\/esp.championforest.org\/devotionals\/wp-content\/uploads\/2019\/11\/bible-banner.jpg","datePublished":"2020-04-19T19:19:15+00:00","dateModified":"2021-12-08T18:23:11+00:00","breadcrumb":{"@id":"https:\/\/esp.championforest.org\/devotionals\/devocionales-lucas\/#breadcrumb"},"inLanguage":"en-US","potentialAction":[{"@type":"ReadAction","target":["https:\/\/esp.championforest.org\/devotionals\/devocionales-lucas\/"]}]},{"@type":"ImageObject","inLanguage":"en-US","@id":"https:\/\/esp.championforest.org\/devotionals\/devocionales-lucas\/#primaryimage","url":"https:\/\/esp.championforest.org\/devotionals\/wp-content\/uploads\/2019\/11\/bible-banner.jpg","contentUrl":"https:\/\/esp.championforest.org\/devotionals\/wp-content\/uploads\/2019\/11\/bible-banner.jpg","width":2000,"height":733},{"@type":"BreadcrumbList","@id":"https:\/\/esp.championforest.org\/devotionals\/devocionales-lucas\/#breadcrumb","itemListElement":[{"@type":"ListItem","position":1,"name":"Casa","item":"https:\/\/esp.championforest.org\/devotionals\/"},{"@type":"ListItem","position":2,"name":"Devocionales Lucas"}]},{"@type":"WebSite","@id":"https:\/\/esp.championforest.org\/devotionals\/#website","url":"https:\/\/esp.championforest.org\/devotionals\/","name":"Devocionales","description":"","potentialAction":[{"@type":"SearchAction","target":{"@type":"EntryPoint","urlTemplate":"https:\/\/esp.championforest.org\/devotionals\/?s={search_term_string}"},"query-input":{"@type":"PropertyValueSpecification","valueRequired":true,"valueName":"search_term_string"}}],"inLanguage":"en-US"}]}},"_links":{"self":[{"href":"https:\/\/esp.championforest.org\/devotionals\/wp-json\/wp\/v2\/pages\/275","targetHints":{"allow":["GET"]}}],"collection":[{"href":"https:\/\/esp.championforest.org\/devotionals\/wp-json\/wp\/v2\/pages"}],"about":[{"href":"https:\/\/esp.championforest.org\/devotionals\/wp-json\/wp\/v2\/types\/page"}],"author":[{"embeddable":true,"href":"https:\/\/esp.championforest.org\/devotionals\/wp-json\/wp\/v2\/users\/2"}],"replies":[{"embeddable":true,"href":"https:\/\/esp.championforest.org\/devotionals\/wp-json\/wp\/v2\/comments?post=275"}],"version-history":[{"count":2,"href":"https:\/\/esp.championforest.org\/devotionals\/wp-json\/wp\/v2\/pages\/275\/revisions"}],"predecessor-version":[{"id":1419,"href":"https:\/\/esp.championforest.org\/devotionals\/wp-json\/wp\/v2\/pages\/275\/revisions\/1419"}],"wp:featuredmedia":[{"embeddable":true,"href":"https:\/\/esp.championforest.org\/devotionals\/wp-json\/wp\/v2\/media\/9"}],"wp:attachment":[{"href":"https:\/\/esp.championforest.org\/devotionals\/wp-json\/wp\/v2\/media?parent=275"}],"curies":[{"name":"wp","href":"https:\/\/api.w.org\/{rel}","templated":true}]}}