{"id":272,"date":"2020-04-19T13:11:02","date_gmt":"2020-04-19T19:11:02","guid":{"rendered":"https:\/\/esp.championforest.org\/devotionals\/?page_id=272"},"modified":"2021-12-08T12:22:26","modified_gmt":"2021-12-08T18:22:26","slug":"devocionales-marcos","status":"publish","type":"page","link":"https:\/\/esp.championforest.org\/devotionals\/devocionales-marcos\/","title":{"rendered":"Devocionales Marcos"},"content":{"rendered":"\n<div class=\"aligncenter wp-block-ugb-blog-posts ugb-blog-posts ugb-47bc080 ugb-blog-posts--v2 ugb-blog-posts--design-basic ugb-blog-posts--columns-2 ugb-main-block\"><style>.ugb-47bc080 .ugb-blog-posts__featured-image{border-radius:12px !important}<\/style><div class=\"ugb-inner-block\"><div class=\"ugb-block-content\"><article class=\"ugb-blog-posts__item\"><div class=\"ugb-blog-posts__content\"><h3 class=\"ugb-blog-posts__title\"><a href=\"https:\/\/esp.championforest.org\/devotionals\/marcos-abril-6\/\">Marcos Cap\u00edtulo 16<\/a><\/h3><div class=\"ugb-blog-posts__excerpt\"><p>Marcos 16 La resurrecci\u00f3n (Mt. 28.1-10; Lc. 24.1-12; Jn. 20.1-10) 1\u00a0\u00a0Cuando pas\u00f3 el d\u00eda de reposo,\u00a0Mar\u00eda Magdalena, Mar\u00eda la madre de Jacobo,&#8230;<\/div><p class=\"ugb-blog-posts__readmore\"><a href=\"https:\/\/esp.championforest.org\/devotionals\/marcos-abril-6\/\">Continue reading<\/a><\/p><\/div><\/article><article class=\"ugb-blog-posts__item\"><div class=\"ugb-blog-posts__content\"><h3 class=\"ugb-blog-posts__title\"><a href=\"https:\/\/esp.championforest.org\/devotionals\/marcos-abril-5\/\">Marcos Cap\u00edtulo 15<\/a><\/h3><div class=\"ugb-blog-posts__excerpt\"><p>Marcos 15 Jes\u00fas ante Pilato (Mt. 27.1-2,11-14; Lc. 23.1-5; Jn. 18.28-38) 1\u00a0\u00a0Muy de ma\u00f1ana, habiendo tenido consejo los principales sacerdotes con los&#8230;<\/div><p class=\"ugb-blog-posts__readmore\"><a href=\"https:\/\/esp.championforest.org\/devotionals\/marcos-abril-5\/\">Continue reading<\/a><\/p><\/div><\/article><article class=\"ugb-blog-posts__item\"><div class=\"ugb-blog-posts__content\"><h3 class=\"ugb-blog-posts__title\"><a href=\"https:\/\/esp.championforest.org\/devotionals\/marcos-abril-4\/\">Marcos Cap\u00edtulo 14<\/a><\/h3><div class=\"ugb-blog-posts__excerpt\"><p>Marcos 14 El complot para prender a Jes\u00fas (Mt. 26.1-5; Lc. 22.1-2; Jn. 11.45-53) 1\u00a0Dos d\u00edas despu\u00e9s era la pascua,\u00a0y la fiesta&#8230;<\/div><p class=\"ugb-blog-posts__readmore\"><a href=\"https:\/\/esp.championforest.org\/devotionals\/marcos-abril-4\/\">Continue reading<\/a><\/p><\/div><\/article><article class=\"ugb-blog-posts__item\"><div class=\"ugb-blog-posts__content\"><h3 class=\"ugb-blog-posts__title\"><a href=\"https:\/\/esp.championforest.org\/devotionals\/marcos-abril-3\/\">Marcos Cap\u00edtulo 13<\/a><\/h3><div class=\"ugb-blog-posts__excerpt\"><p>Marcos 13 Jes\u00fas predice la destrucci\u00f3n del templo (Mt. 24.1-2; Lc. 21.5-6) 1\u00a0\u00a0Saliendo Jes\u00fas del templo, le dijo uno de sus disc\u00edpulos:&#8230;<\/div><p class=\"ugb-blog-posts__readmore\"><a href=\"https:\/\/esp.championforest.org\/devotionals\/marcos-abril-3\/\">Continue reading<\/a><\/p><\/div><\/article><article class=\"ugb-blog-posts__item\"><div class=\"ugb-blog-posts__content\"><h3 class=\"ugb-blog-posts__title\"><a href=\"https:\/\/esp.championforest.org\/devotionals\/marcos-abril-2\/\">Marcos Cap\u00edtulo 12<\/a><\/h3><div class=\"ugb-blog-posts__excerpt\"><p>Marcos 12 Los labradores malvados (Mt. 21.33-46; Lc. 20.9-19) 1\u00a0\u00a0Entonces comenz\u00f3 Jes\u00fas a decirles por par\u00e1bolas: Un hombre plant\u00f3 una vi\u00f1a,\u00a0la cerc\u00f3&#8230;<\/div><p class=\"ugb-blog-posts__readmore\"><a href=\"https:\/\/esp.championforest.org\/devotionals\/marcos-abril-2\/\">Continue reading<\/a><\/p><\/div><\/article><article class=\"ugb-blog-posts__item\"><div class=\"ugb-blog-posts__content\"><h3 class=\"ugb-blog-posts__title\"><a href=\"https:\/\/esp.championforest.org\/devotionals\/marcos-abril-1\/\">Marcos Cap\u00edtulo 11<\/a><\/h3><div class=\"ugb-blog-posts__excerpt\"><p>Marcos 11 La entrada triunfal en Jerusal\u00e9n (Mt. 21.1-11; Lc. 19.28-40; Jn. 12.12-19) 1\u00a0\u00a0Cuando se acercaban a Jerusal\u00e9n, junto a Betfag\u00e9 y&#8230;<\/div><p class=\"ugb-blog-posts__readmore\"><a href=\"https:\/\/esp.championforest.org\/devotionals\/marcos-abril-1\/\">Continue reading<\/a><\/p><\/div><\/article><article class=\"ugb-blog-posts__item\"><div class=\"ugb-blog-posts__content\"><h3 class=\"ugb-blog-posts__title\"><a href=\"https:\/\/esp.championforest.org\/devotionals\/marcos-marzo-31\/\">Marcos Cap\u00edtulo 10<\/a><\/h3><div class=\"ugb-blog-posts__excerpt\"><p>Marcos 10 Jes\u00fas ense\u00f1a sobre el divorcio (Mt. 19.1-12; Lc. 16.18) 1Levant\u00e1ndose de all\u00ed, vino a la regi\u00f3n de Judea y al&#8230;<\/div><p class=\"ugb-blog-posts__readmore\"><a href=\"https:\/\/esp.championforest.org\/devotionals\/marcos-marzo-31\/\">Continue reading<\/a><\/p><\/div><\/article><article class=\"ugb-blog-posts__item\"><div class=\"ugb-blog-posts__content\"><h3 class=\"ugb-blog-posts__title\"><a href=\"https:\/\/esp.championforest.org\/devotionals\/marcos-marzo-30\/\">Marcos Cap\u00edtulo 9<\/a><\/h3><div class=\"ugb-blog-posts__excerpt\"><p>Marcos 9 Tambi\u00e9n les dijo: De cierto os digo que hay algunos de los que est\u00e1n aqu\u00ed, que no gustar\u00e1n la muerte&#8230;<\/div><p class=\"ugb-blog-posts__readmore\"><a href=\"https:\/\/esp.championforest.org\/devotionals\/marcos-marzo-30\/\">Continue reading<\/a><\/p><\/div><\/article><article class=\"ugb-blog-posts__item\"><div class=\"ugb-blog-posts__content\"><h3 class=\"ugb-blog-posts__title\"><a href=\"https:\/\/esp.championforest.org\/devotionals\/marcos-marzo-29\/\">Marcos Cap\u00edtulo 8<\/a><\/h3><div class=\"ugb-blog-posts__excerpt\"><p>Marcos 8 Alimentaci\u00f3n de los cuatro mil (Mt. 15.32-39) En aquellos d\u00edas, como hab\u00eda una gran multitud, y no ten\u00edan qu\u00e9 comer,&#8230;<\/div><p class=\"ugb-blog-posts__readmore\"><a href=\"https:\/\/esp.championforest.org\/devotionals\/marcos-marzo-29\/\">Continue reading<\/a><\/p><\/div><\/article><article class=\"ugb-blog-posts__item\"><div class=\"ugb-blog-posts__content\"><h3 class=\"ugb-blog-posts__title\"><a href=\"https:\/\/esp.championforest.org\/devotionals\/marcos-marzo-28\/\">Marcos Cap\u00edtulo 7<\/a><\/h3><div class=\"ugb-blog-posts__excerpt\"><p>Marcos 7 Lo que contamina al hombre (Mt. 15.1-20) Se juntaron a Jes\u00fas los fariseos, y algunos de los escribas, que hab\u00edan&#8230;<\/div><p class=\"ugb-blog-posts__readmore\"><a href=\"https:\/\/esp.championforest.org\/devotionals\/marcos-marzo-28\/\">Continue reading<\/a><\/p><\/div><\/article><article class=\"ugb-blog-posts__item\"><div class=\"ugb-blog-posts__content\"><h3 class=\"ugb-blog-posts__title\"><a href=\"https:\/\/esp.championforest.org\/devotionals\/marcos-marzo-27\/\">Marcos Cap\u00edtulo 6<\/a><\/h3><div class=\"ugb-blog-posts__excerpt\"><p>Marcos 6 Jes\u00fas en Nazaret (Mt. 13.53-58; Lc. 4.16-30) Sali\u00f3 Jes\u00fas de all\u00ed y vino a su tierra, y le segu\u00edan sus&#8230;<\/div><p class=\"ugb-blog-posts__readmore\"><a href=\"https:\/\/esp.championforest.org\/devotionals\/marcos-marzo-27\/\">Continue reading<\/a><\/p><\/div><\/article><article class=\"ugb-blog-posts__item\"><div class=\"ugb-blog-posts__content\"><h3 class=\"ugb-blog-posts__title\"><a href=\"https:\/\/esp.championforest.org\/devotionals\/marcos-marzo-26\/\">Marcos Cap\u00edtulo 5<\/a><\/h3><div class=\"ugb-blog-posts__excerpt\"><p>Marcos 5 El endemoniado gadareno (Mt. 8.28-34; Lc. 8.26-39) 1Vinieron al otro lado del mar, a la regi\u00f3n de los gadarenos. 2&nbsp;Y&#8230;<\/div><p class=\"ugb-blog-posts__readmore\"><a href=\"https:\/\/esp.championforest.org\/devotionals\/marcos-marzo-26\/\">Continue reading<\/a><\/p><\/div><\/article><article class=\"ugb-blog-posts__item\"><div class=\"ugb-blog-posts__content\"><h3 class=\"ugb-blog-posts__title\"><a href=\"https:\/\/esp.championforest.org\/devotionals\/marcos-marzo-25\/\">Marcos Cap\u00edtulo 4<\/a><\/h3><div class=\"ugb-blog-posts__excerpt\"><p>Marcos 4 Par\u00e1bola del sembrador (Mt. 13.1-23; Lc. 8.4-15) Otra vez comenz\u00f3 Jes\u00fas a ense\u00f1ar junto al mar, y se reuni\u00f3 alrededor&#8230;<\/div><p class=\"ugb-blog-posts__readmore\"><a href=\"https:\/\/esp.championforest.org\/devotionals\/marcos-marzo-25\/\">Continue reading<\/a><\/p><\/div><\/article><article class=\"ugb-blog-posts__item\"><div class=\"ugb-blog-posts__content\"><h3 class=\"ugb-blog-posts__title\"><a href=\"https:\/\/esp.championforest.org\/devotionals\/marcos-marzo-24\/\">Marcos Cap\u00edtulo 3<\/a><\/h3><div class=\"ugb-blog-posts__excerpt\"><p>Marcos 3 El hombre de la mano seca (Mt. 12.9-14; Lc. 6.6-11) 3&nbsp;&nbsp;Otra vez entr\u00f3 Jes\u00fas en la sinagoga; y hab\u00eda all\u00ed&#8230;<\/div><p class=\"ugb-blog-posts__readmore\"><a href=\"https:\/\/esp.championforest.org\/devotionals\/marcos-marzo-24\/\">Continue reading<\/a><\/p><\/div><\/article><article class=\"ugb-blog-posts__item\"><div class=\"ugb-blog-posts__content\"><h3 class=\"ugb-blog-posts__title\"><a href=\"https:\/\/esp.championforest.org\/devotionals\/marcos-marzo-23\/\">Marcos Cap\u00edtulo 2<\/a><\/h3><div class=\"ugb-blog-posts__excerpt\"><p>Marcos 2 Jes\u00fas sana a un paral\u00edtico (Mt. 9.1-8; Lc. 5.17-26) 2&nbsp;&nbsp;Entr\u00f3 Jes\u00fas otra vez en Capernaum despu\u00e9s de algunos d\u00edas; y&#8230;<\/div><p class=\"ugb-blog-posts__readmore\"><a href=\"https:\/\/esp.championforest.org\/devotionals\/marcos-marzo-23\/\">Continue reading<\/a><\/p><\/div><\/article><article class=\"ugb-blog-posts__item\"><div class=\"ugb-blog-posts__content\"><h3 class=\"ugb-blog-posts__title\"><a href=\"https:\/\/esp.championforest.org\/devotionals\/marcos-marzo-22\/\">Marcos Cap\u00edtulo 1<\/a><\/h3><div class=\"ugb-blog-posts__excerpt\"><p>Marcos 1 Predicaci\u00f3n de Juan el Bautista (Mt. 3.1-12; Lc. 3.1-9,15-17; Jn. 1.19-28) 1&nbsp;&nbsp;Principio del evangelio de Jesucristo, Hijo de Dios. 2&nbsp;Como&#8230;<\/div><p class=\"ugb-blog-posts__readmore\"><a href=\"https:\/\/esp.championforest.org\/devotionals\/marcos-marzo-22\/\">Continue reading<\/a><\/p><\/div><\/article><\/div><\/div><\/div>\n\n\n\n<div class=\"wp-block-ugb-divider ugb-divider ugb-093280a ugb-divider--v2 ugb-divider--design-basic ugb-main-block\"><style>.ugb-093280a hr.ugb-divider__hr{margin-left:auto !important;margin-right:auto !important}<\/style><div class=\"ugb-inner-block\"><div class=\"ugb-block-content\"><hr class=\"ugb-divider__hr\"\/><\/div><\/div><\/div>\n\n\n\n<div class=\"wp-block-ugb-button ugb-button-wrapper ugb-c29eec0 ugb-main-block\"><div class=\"ugb-inner-block\"><div class=\"ugb-block-content\"><div class=\"ugb-button-container\"><a class=\"ugb-button1 ugb-button ugb-button--size-normal\" href=\"https:\/\/esp.championforest.org\/devotionals\/\" rel=\"\" title=\"\"><span class=\"ugb-button--inner\">Devocionales en casa<\/span><\/a><\/div><\/div><\/div><\/div>\n\n\n\n<p><\/p>\n","protected":false},"excerpt":{"rendered":"<p>Marcos Cap\u00edtulo 16 Marcos 16 La resurrecci\u00f3n (Mt. 28.1-10; Lc. 24.1-12; Jn. 20.1-10) 1\u00a0\u00a0Cuando pas\u00f3 el d\u00eda de reposo,\u00a0Mar\u00eda Magdalena, Mar\u00eda la madre de Jacobo,&#8230; Continue reading Marcos Cap\u00edtulo 15 Marcos 15 Jes\u00fas ante Pilato (Mt. 27.1-2,11-14; Lc. 23.1-5; Jn. 18.28-38) 1\u00a0\u00a0Muy de ma\u00f1ana, habiendo tenido consejo los principales sacerdotes con los&#8230; Continue reading Marcos &hellip; <a href=\"https:\/\/esp.championforest.org\/devotionals\/devocionales-marcos\/\" class=\"more-link\">Continue reading <span class=\"screen-reader-text\">Devocionales Marcos<\/span><\/a><\/p>\n","protected":false},"author":2,"featured_media":9,"parent":0,"menu_order":0,"comment_status":"closed","ping_status":"closed","template":"","meta":{"footnotes":""},"class_list":["post-272","page","type-page","status-publish","has-post-thumbnail","hentry"],"featured_image_urls_v2":{"full":["https:\/\/esp.championforest.org\/devotionals\/wp-content\/uploads\/2019\/11\/bible-banner.jpg",2000,733,false],"thumbnail":["https:\/\/esp.championforest.org\/devotionals\/wp-content\/uploads\/2019\/11\/bible-banner-150x150.jpg",150,150,true],"medium":["https:\/\/esp.championforest.org\/devotionals\/wp-content\/uploads\/2019\/11\/bible-banner-300x110.jpg",300,110,true],"medium_large":["https:\/\/esp.championforest.org\/devotionals\/wp-content\/uploads\/2019\/11\/bible-banner-768x281.jpg",768,281,true],"large":["https:\/\/esp.championforest.org\/devotionals\/wp-content\/uploads\/2019\/11\/bible-banner-1024x375.jpg",900,330,true],"1536x1536":["https:\/\/esp.championforest.org\/devotionals\/wp-content\/uploads\/2019\/11\/bible-banner-1536x563.jpg",1536,563,true],"2048x2048":["https:\/\/esp.championforest.org\/devotionals\/wp-content\/uploads\/2019\/11\/bible-banner.jpg",2000,733,false],"post-thumbnail":["https:\/\/esp.championforest.org\/devotionals\/wp-content\/uploads\/2019\/11\/bible-banner.jpg",2000,733,false]},"post_excerpt_stackable_v2":"<p>Marcos Cap\u00edtulo 16Marcos 16 La resurrecci\u00f3n (Mt. 28.1-10; Lc. 24.1-12; Jn. 20.1-10) 1\u00a0\u00a0Cuando pas\u00f3 el d\u00eda de reposo,\u00a0Mar\u00eda Magdalena, Mar\u00eda la madre de Jacobo,&#8230;Continue readingMarcos Cap\u00edtulo 15Marcos 15 Jes\u00fas ante Pilato (Mt. 27.1-2,11-14; Lc. 23.1-5; Jn. 18.28-38) 1\u00a0\u00a0Muy de ma\u00f1ana, habiendo tenido consejo los principales sacerdotes con los&#8230;Continue readingMarcos Cap\u00edtulo 14Marcos 14 El complot para prender a Jes\u00fas (Mt. 26.1-5; Lc. 22.1-2; Jn. 11.45-53) 1\u00a0Dos d\u00edas despu\u00e9s era la pascua,\u00a0y la fiesta&#8230;Continue readingMarcos Cap\u00edtulo 13Marcos 13 Jes\u00fas predice la destrucci\u00f3n del templo (Mt. 24.1-2; Lc. 21.5-6) 1\u00a0\u00a0Saliendo Jes\u00fas del templo, le dijo uno de sus disc\u00edpulos:&#8230;Continue readingMarcos Cap\u00edtulo 12Marcos 12&hellip;<\/p>\n","category_list_v2":"","author_info_v2":{"name":"Champion Forest","url":"https:\/\/esp.championforest.org\/devotionals\/author\/cfbcms_admin\/"},"comments_num_v2":"6059 comments","yoast_head":"<!-- This site is optimized with the Yoast SEO plugin v27.3 - https:\/\/yoast.com\/product\/yoast-seo-wordpress\/ -->\n<title>Devocionales Marcos - Devocionales<\/title>\n<meta name=\"robots\" content=\"index, follow, max-snippet:-1, max-image-preview:large, max-video-preview:-1\" \/>\n<link rel=\"canonical\" href=\"https:\/\/esp.championforest.org\/devotionals\/devocionales-marcos\/\" \/>\n<meta property=\"og:locale\" content=\"en_US\" \/>\n<meta property=\"og:type\" content=\"article\" \/>\n<meta property=\"og:title\" content=\"Devocionales Marcos - Devocionales\" \/>\n<meta property=\"og:description\" content=\"Marcos Cap\u00edtulo 16 Marcos 16 La resurrecci\u00f3n (Mt. 28.1-10; Lc. 24.1-12; Jn. 20.1-10) 1\u00a0\u00a0Cuando pas\u00f3 el d\u00eda de reposo,\u00a0Mar\u00eda Magdalena, Mar\u00eda la madre de Jacobo,&#8230; Continue reading Marcos Cap\u00edtulo 15 Marcos 15 Jes\u00fas ante Pilato (Mt. 27.1-2,11-14; Lc. 23.1-5; Jn. 18.28-38) 1\u00a0\u00a0Muy de ma\u00f1ana, habiendo tenido consejo los principales sacerdotes con los&#8230; Continue reading Marcos &hellip; Continue reading Devocionales Marcos\" \/>\n<meta property=\"og:url\" content=\"https:\/\/esp.championforest.org\/devotionals\/devocionales-marcos\/\" \/>\n<meta property=\"og:site_name\" content=\"Devocionales\" \/>\n<meta property=\"article:modified_time\" content=\"2021-12-08T18:22:26+00:00\" \/>\n<meta property=\"og:image\" content=\"https:\/\/esp.championforest.org\/devotionals\/wp-content\/uploads\/2019\/11\/bible-banner.jpg\" \/>\n\t<meta property=\"og:image:width\" content=\"2000\" \/>\n\t<meta property=\"og:image:height\" content=\"733\" \/>\n\t<meta property=\"og:image:type\" content=\"image\/jpeg\" \/>\n<meta name=\"twitter:card\" content=\"summary_large_image\" \/>\n<meta name=\"twitter:label1\" content=\"Est. reading time\" \/>\n\t<meta name=\"twitter:data1\" content=\"1 minute\" \/>\n<script type=\"application\/ld+json\" class=\"yoast-schema-graph\">{\"@context\":\"https:\\\/\\\/schema.org\",\"@graph\":[{\"@type\":\"WebPage\",\"@id\":\"https:\\\/\\\/esp.championforest.org\\\/devotionals\\\/devocionales-marcos\\\/\",\"url\":\"https:\\\/\\\/esp.championforest.org\\\/devotionals\\\/devocionales-marcos\\\/\",\"name\":\"Devocionales Marcos - Devocionales\",\"isPartOf\":{\"@id\":\"https:\\\/\\\/esp.championforest.org\\\/devotionals\\\/#website\"},\"primaryImageOfPage\":{\"@id\":\"https:\\\/\\\/esp.championforest.org\\\/devotionals\\\/devocionales-marcos\\\/#primaryimage\"},\"image\":{\"@id\":\"https:\\\/\\\/esp.championforest.org\\\/devotionals\\\/devocionales-marcos\\\/#primaryimage\"},\"thumbnailUrl\":\"https:\\\/\\\/esp.championforest.org\\\/devotionals\\\/wp-content\\\/uploads\\\/2019\\\/11\\\/bible-banner.jpg\",\"datePublished\":\"2020-04-19T19:11:02+00:00\",\"dateModified\":\"2021-12-08T18:22:26+00:00\",\"breadcrumb\":{\"@id\":\"https:\\\/\\\/esp.championforest.org\\\/devotionals\\\/devocionales-marcos\\\/#breadcrumb\"},\"inLanguage\":\"en-US\",\"potentialAction\":[{\"@type\":\"ReadAction\",\"target\":[\"https:\\\/\\\/esp.championforest.org\\\/devotionals\\\/devocionales-marcos\\\/\"]}]},{\"@type\":\"ImageObject\",\"inLanguage\":\"en-US\",\"@id\":\"https:\\\/\\\/esp.championforest.org\\\/devotionals\\\/devocionales-marcos\\\/#primaryimage\",\"url\":\"https:\\\/\\\/esp.championforest.org\\\/devotionals\\\/wp-content\\\/uploads\\\/2019\\\/11\\\/bible-banner.jpg\",\"contentUrl\":\"https:\\\/\\\/esp.championforest.org\\\/devotionals\\\/wp-content\\\/uploads\\\/2019\\\/11\\\/bible-banner.jpg\",\"width\":2000,\"height\":733},{\"@type\":\"BreadcrumbList\",\"@id\":\"https:\\\/\\\/esp.championforest.org\\\/devotionals\\\/devocionales-marcos\\\/#breadcrumb\",\"itemListElement\":[{\"@type\":\"ListItem\",\"position\":1,\"name\":\"Casa\",\"item\":\"https:\\\/\\\/esp.championforest.org\\\/devotionals\\\/\"},{\"@type\":\"ListItem\",\"position\":2,\"name\":\"Devocionales Marcos\"}]},{\"@type\":\"WebSite\",\"@id\":\"https:\\\/\\\/esp.championforest.org\\\/devotionals\\\/#website\",\"url\":\"https:\\\/\\\/esp.championforest.org\\\/devotionals\\\/\",\"name\":\"Devocionales\",\"description\":\"\",\"potentialAction\":[{\"@type\":\"SearchAction\",\"target\":{\"@type\":\"EntryPoint\",\"urlTemplate\":\"https:\\\/\\\/esp.championforest.org\\\/devotionals\\\/?s={search_term_string}\"},\"query-input\":{\"@type\":\"PropertyValueSpecification\",\"valueRequired\":true,\"valueName\":\"search_term_string\"}}],\"inLanguage\":\"en-US\"}]}<\/script>\n<!-- \/ Yoast SEO plugin. -->","yoast_head_json":{"title":"Devocionales Marcos - Devocionales","robots":{"index":"index","follow":"follow","max-snippet":"max-snippet:-1","max-image-preview":"max-image-preview:large","max-video-preview":"max-video-preview:-1"},"canonical":"https:\/\/esp.championforest.org\/devotionals\/devocionales-marcos\/","og_locale":"en_US","og_type":"article","og_title":"Devocionales Marcos - Devocionales","og_description":"Marcos Cap\u00edtulo 16 Marcos 16 La resurrecci\u00f3n (Mt. 28.1-10; Lc. 24.1-12; Jn. 20.1-10) 1\u00a0\u00a0Cuando pas\u00f3 el d\u00eda de reposo,\u00a0Mar\u00eda Magdalena, Mar\u00eda la madre de Jacobo,&#8230; Continue reading Marcos Cap\u00edtulo 15 Marcos 15 Jes\u00fas ante Pilato (Mt. 27.1-2,11-14; Lc. 23.1-5; Jn. 18.28-38) 1\u00a0\u00a0Muy de ma\u00f1ana, habiendo tenido consejo los principales sacerdotes con los&#8230; Continue reading Marcos &hellip; Continue reading Devocionales Marcos","og_url":"https:\/\/esp.championforest.org\/devotionals\/devocionales-marcos\/","og_site_name":"Devocionales","article_modified_time":"2021-12-08T18:22:26+00:00","og_image":[{"width":2000,"height":733,"url":"https:\/\/esp.championforest.org\/devotionals\/wp-content\/uploads\/2019\/11\/bible-banner.jpg","type":"image\/jpeg"}],"twitter_card":"summary_large_image","twitter_misc":{"Est. reading time":"1 minute"},"schema":{"@context":"https:\/\/schema.org","@graph":[{"@type":"WebPage","@id":"https:\/\/esp.championforest.org\/devotionals\/devocionales-marcos\/","url":"https:\/\/esp.championforest.org\/devotionals\/devocionales-marcos\/","name":"Devocionales Marcos - Devocionales","isPartOf":{"@id":"https:\/\/esp.championforest.org\/devotionals\/#website"},"primaryImageOfPage":{"@id":"https:\/\/esp.championforest.org\/devotionals\/devocionales-marcos\/#primaryimage"},"image":{"@id":"https:\/\/esp.championforest.org\/devotionals\/devocionales-marcos\/#primaryimage"},"thumbnailUrl":"https:\/\/esp.championforest.org\/devotionals\/wp-content\/uploads\/2019\/11\/bible-banner.jpg","datePublished":"2020-04-19T19:11:02+00:00","dateModified":"2021-12-08T18:22:26+00:00","breadcrumb":{"@id":"https:\/\/esp.championforest.org\/devotionals\/devocionales-marcos\/#breadcrumb"},"inLanguage":"en-US","potentialAction":[{"@type":"ReadAction","target":["https:\/\/esp.championforest.org\/devotionals\/devocionales-marcos\/"]}]},{"@type":"ImageObject","inLanguage":"en-US","@id":"https:\/\/esp.championforest.org\/devotionals\/devocionales-marcos\/#primaryimage","url":"https:\/\/esp.championforest.org\/devotionals\/wp-content\/uploads\/2019\/11\/bible-banner.jpg","contentUrl":"https:\/\/esp.championforest.org\/devotionals\/wp-content\/uploads\/2019\/11\/bible-banner.jpg","width":2000,"height":733},{"@type":"BreadcrumbList","@id":"https:\/\/esp.championforest.org\/devotionals\/devocionales-marcos\/#breadcrumb","itemListElement":[{"@type":"ListItem","position":1,"name":"Casa","item":"https:\/\/esp.championforest.org\/devotionals\/"},{"@type":"ListItem","position":2,"name":"Devocionales Marcos"}]},{"@type":"WebSite","@id":"https:\/\/esp.championforest.org\/devotionals\/#website","url":"https:\/\/esp.championforest.org\/devotionals\/","name":"Devocionales","description":"","potentialAction":[{"@type":"SearchAction","target":{"@type":"EntryPoint","urlTemplate":"https:\/\/esp.championforest.org\/devotionals\/?s={search_term_string}"},"query-input":{"@type":"PropertyValueSpecification","valueRequired":true,"valueName":"search_term_string"}}],"inLanguage":"en-US"}]}},"_links":{"self":[{"href":"https:\/\/esp.championforest.org\/devotionals\/wp-json\/wp\/v2\/pages\/272","targetHints":{"allow":["GET"]}}],"collection":[{"href":"https:\/\/esp.championforest.org\/devotionals\/wp-json\/wp\/v2\/pages"}],"about":[{"href":"https:\/\/esp.championforest.org\/devotionals\/wp-json\/wp\/v2\/types\/page"}],"author":[{"embeddable":true,"href":"https:\/\/esp.championforest.org\/devotionals\/wp-json\/wp\/v2\/users\/2"}],"replies":[{"embeddable":true,"href":"https:\/\/esp.championforest.org\/devotionals\/wp-json\/wp\/v2\/comments?post=272"}],"version-history":[{"count":2,"href":"https:\/\/esp.championforest.org\/devotionals\/wp-json\/wp\/v2\/pages\/272\/revisions"}],"predecessor-version":[{"id":1418,"href":"https:\/\/esp.championforest.org\/devotionals\/wp-json\/wp\/v2\/pages\/272\/revisions\/1418"}],"wp:featuredmedia":[{"embeddable":true,"href":"https:\/\/esp.championforest.org\/devotionals\/wp-json\/wp\/v2\/media\/9"}],"wp:attachment":[{"href":"https:\/\/esp.championforest.org\/devotionals\/wp-json\/wp\/v2\/media?parent=272"}],"curies":[{"name":"wp","href":"https:\/\/api.w.org\/{rel}","templated":true}]}}