{"id":2221,"date":"2026-01-31T11:14:49","date_gmt":"2026-01-31T17:14:49","guid":{"rendered":"https:\/\/esp.championforest.org\/devotionals\/?page_id=2221"},"modified":"2026-01-31T11:37:41","modified_gmt":"2026-01-31T17:37:41","slug":"devotionales-diarios","status":"publish","type":"page","link":"https:\/\/esp.championforest.org\/devotionals\/","title":{"rendered":"Devotionales diarios"},"content":{"rendered":"\n<div class=\"wp-block-stackable-columns alignfull stk-block-columns stk-block stk-6938f98\" data-block-id=\"6938f98\"><style>.stk-6938f98 {margin-top:100px !important;margin-bottom:100px !important;}.stk-6938f98-column{max-width:1320px !important;min-width:auto !important;--stk-column-gap:16px !important;}<\/style><div class=\"stk-row stk-inner-blocks stk-block-content stk-content-align stk-6938f98-column alignwide\">\n<div class=\"wp-block-stackable-column stk-block-column stk-column stk-block stk-2d5d1db\" data-v=\"4\" data-block-id=\"2d5d1db\"><style>.stk-2d5d1db-inner-blocks{justify-content:center !important;}<\/style><div class=\"stk-column-wrapper stk-block-column__content stk-container stk-2d5d1db-container stk--no-background stk--no-padding\"><div class=\"stk--column-flex stk-block-content stk-inner-blocks stk-2d5d1db-inner-blocks\">\n<div class=\"wp-block-stackable-heading stk-block-heading stk-block-heading--v2 stk-block stk-2499fda\" id=\"heading-placeholder\" data-block-id=\"2499fda\"><style>.stk-2499fda {margin-bottom:26px !important;}.stk-2499fda .stk-block-heading__text{font-size:28px !important;color:#0f0e17 !important;}@media screen and (max-width: 1023px){.stk-2499fda .stk-block-heading__text{font-size:28px !important;}}<\/style><h3 class=\"stk-block-heading__text has-text-color\">Acomp\u00e1\u00f1anos en Este Recorrido de 28 D\u00edas<\/h3><\/div>\n\n\n\n<div class=\"wp-block-stackable-text stk-block-text stk-block stk-3f6023a\" data-block-id=\"3f6023a\"><p class=\"stk-block-text__text\">Esta serie de devocionales comienza el <strong>1 de febrero<\/strong>. <strong>Suscr\u00edbete<\/strong> para recibir devocionales diarios por correo electr\u00f3nico haciendo clic abajo.<br>\u00bfPrefieres mensajes de texto? Env\u00eda <strong>DEVO<\/strong> al <strong>77069<\/strong> para recibir los devocionales directamente en tu tel\u00e9fono.<\/p><\/div>\n\n\n\n<div class=\"wp-block-stackable-button-group stk-block-button-group stk-block stk-0d98fc4\" data-block-id=\"0d98fc4\"><div class=\"stk-row stk-inner-blocks stk-block-content stk-button-group\">\n<div class=\"wp-block-stackable-button stk-block-button stk-block stk-56fafdb\" data-block-id=\"56fafdb\"><style>.stk-56fafdb {border-top-left-radius:26px !important;border-top-right-radius:26px !important;border-bottom-right-radius:26px !important;border-bottom-left-radius:26px !important;overflow:hidden !important;}.stk-56fafdb .stk-button{padding-top:7px !important;padding-right:29px !important;padding-bottom:7px !important;padding-left:29px !important;background:#ff6105 !important;}.stk-56fafdb .stk-button:before{border-style:solid !important;border-top-width:0px !important;border-right-width:0px !important;border-bottom-width:0px !important;border-left-width:0px !important;}.stk-56fafdb .stk-button .stk--inner-svg svg:last-child, .stk-56fafdb .stk-button .stk--inner-svg svg:last-child :is(g, path, rect, polygon, ellipse){fill:#ff6105 !important;}<\/style><a class=\"stk-link stk-button stk--hover-effect-darken\" href=\"https:\/\/rock.cfbc.org\/Registration\/dailydevotionals\"><span class=\"stk-button__inner-text\">Recibir Devocionales Diarios<\/span><\/a><\/div>\n\n\n\n<div class=\"wp-block-stackable-button stk-block-button is-style-ghost stk-block stk-d441aa0\" data-block-id=\"d441aa0\"><style>.stk-d441aa0 {border-top-left-radius:2px !important;border-top-right-radius:2px !important;border-bottom-right-radius:2px !important;border-bottom-left-radius:2px !important;overflow:hidden !important;border-style:solid !important;border-top-width:0px !important;border-right-width:0px !important;border-bottom-width:0px !important;border-left-width:0px !important;}.stk-d441aa0 .stk-button{padding-top:8px !important;padding-right:24px !important;padding-bottom:8px !important;padding-left:24px !important;background:transparent !important;border-top-left-radius:50px !important;border-top-right-radius:50px !important;border-bottom-right-radius:50px !important;border-bottom-left-radius:50px !important;}.stk-d441aa0 .stk-button:hover:after{background:transparent !important;opacity:1 !important;}:where(.stk-hover-parent:hover,  .stk-hover-parent.stk--is-hovered) .stk-d441aa0 .stk-button:after{background:transparent !important;opacity:1 !important;}.stk-d441aa0 .stk-button:before{border-style:solid !important;border-color:#0f0e17 !important;border-top-width:1px !important;border-right-width:1px !important;border-bottom-width:1px !important;border-left-width:1px !important;}.stk-d441aa0 .stk-button .stk--inner-svg svg:last-child, .stk-d441aa0 .stk-button .stk--inner-svg svg:last-child :is(g, path, rect, polygon, ellipse){fill:#ff6105 !important;}.stk-d441aa0 .stk-button__inner-text{color:#0f0e17 !important;}<\/style><a class=\"stk-link stk-button stk--hover-effect-darken\" href=\"https:\/\/next.championforest.org\/#updates\" target=\"_blank\" rel=\"noreferrer noopener\"><span class=\"has-text-color stk-button__inner-text\">Ver Devocionales Actuales<\/span><\/a><\/div>\n<\/div><\/div>\n\n\n\n<div class=\"wp-block-stackable-text stk-block-text stk-block stk-eefc3d0\" data-block-id=\"eefc3d0\"><p class=\"stk-block-text__text\"><em><em><em>Nota:<\/em> No es necesario registrarte nuevamente para los correos diarios si ya los recibiste anteriormente.<\/em><\/em><\/p><\/div>\n<\/div><\/div><\/div>\n\n\n\n<div class=\"wp-block-stackable-column stk-block-column stk-column stk-block stk-0cb3489 stk-block-background stk--has-background-overlay\" data-v=\"4\" data-block-id=\"0cb3489\"><style>.stk-0cb3489 {background-image:url(https:\/\/esp.championforest.org\/devotionals\/wp-content\/uploads\/2026\/01\/Next-Devocionales-SPAN.jpg) !important;border-top-left-radius:15px !important;border-top-right-radius:15px !important;border-bottom-right-radius:15px !important;border-bottom-left-radius:15px !important;overflow:hidden !important;}<\/style><div class=\"stk-column-wrapper stk-block-column__content stk-container stk-0cb3489-container stk--no-background stk--no-padding\"><div class=\"stk-block-content stk-inner-blocks stk-0cb3489-inner-blocks\"><\/div><\/div><\/div>\n<\/div><\/div>\n\n\n\n<div class=\"wp-block-stackable-columns alignfull stk-block-columns stk-block stk-10bc3dc stk-block-background\" data-block-id=\"10bc3dc\"><style>.stk-10bc3dc {background-color:#f5f5f5 !important;align-items:center !important;margin-top:var(--stk--preset--spacing--70, 3.38rem) !important;margin-bottom:var(--stk--preset--spacing--70, 3.38rem) !important;display:flex !important;}.stk-10bc3dc:before{background-color:#f5f5f5 !important;}.stk-10bc3dc-column{--stk-columns-spacing:80px !important;--stk-column-gap:0px !important;}<\/style><div class=\"stk-row stk-inner-blocks stk-block-content stk-content-align stk-10bc3dc-column alignfull\">\n<div class=\"wp-block-stackable-column stk-block-column stk-column stk-block stk-dd57a2b\" data-v=\"4\" data-block-id=\"dd57a2b\"><style>.stk-dd57a2b {align-self:center !important;}.stk-dd57a2b-inner-blocks{align-items:center !important;}.stk-dd57a2b-container{max-width:1320px !important;min-width:auto !important;margin-right:auto !important;margin-left:auto !important;}<\/style><div class=\"stk-column-wrapper stk-block-column__content stk-container stk-dd57a2b-container stk--no-background stk--no-padding\"><div class=\"has-text-align-center stk--column-flex stk-block-content stk-inner-blocks stk-dd57a2b-inner-blocks\">\n<div class=\"wp-block-stackable-columns stk-block-columns stk-block stk-92b8601\" data-block-id=\"92b8601\"><div class=\"stk-row stk-inner-blocks stk-block-content stk-content-align stk-92b8601-column\">\n<div class=\"wp-block-stackable-column stk-block-column stk-column stk-block stk-8f082c9\" data-v=\"4\" data-block-id=\"8f082c9\"><style>.stk-8f082c9 {align-self:center !important;}<\/style><div class=\"stk-column-wrapper stk-block-column__content stk-container stk-8f082c9-container stk--no-background stk--no-padding\"><div class=\"stk-block-content stk-inner-blocks stk-8f082c9-inner-blocks\">\n<div class=\"wp-block-stackable-heading stk-block-heading stk-block-heading--v2 stk-block stk-d5d199e\" id=\"por-que-hacemos-esto-juntos\" data-block-id=\"d5d199e\"><style>.stk-d5d199e {align-items:center !important;max-width:1320px !important;min-width:auto !important;margin-right:auto !important;margin-left:auto !important;display:flex !important;}.stk-d5d199e .stk-block-heading__text{color:#0f0e17 !important;}<\/style><h4 class=\"stk-block-heading__text has-text-color has-text-align-center\">Por Qu\u00e9 Hacemos Esto Juntos<\/h4><\/div>\n\n\n\n<div class=\"wp-block-stackable-text stk-block-text stk-block stk-f25adc4\" data-block-id=\"f25adc4\"><style>.stk-f25adc4 {max-width:1000px !important;min-width:auto !important;margin-right:auto !important;margin-bottom:12px !important;margin-left:auto !important;}<\/style><p class=\"stk-block-text__text has-text-align-center\">Los devocionales diarios nos ayudan a disminuir el ritmo lo suficiente para escuchar\u2014a Dios y a los dem\u00e1s. Cuando leemos las Escrituras juntos como iglesia, recordamos que la fe no fue dise\u00f1ada para vivirse en aislamiento.<\/p><\/div>\n\n\n\n<div class=\"wp-block-stackable-text stk-block-text stk-block stk-dd9ba17\" data-block-id=\"dd9ba17\"><style>.stk-dd9ba17 {max-width:1000px !important;min-width:auto !important;margin-right:auto !important;margin-bottom:0px !important;margin-left:auto !important;}<\/style><p class=\"stk-block-text__text has-text-align-center\">En Champion Forest, los devocionales no se tratan de marcar una casilla. Se tratan de formar ritmos que nos anclen en la verdad, nos mantengan espiritualmente alineados y nos impulsen a avanzar juntos como el Cuerpo de Cristo.<\/p><\/div>\n<\/div><\/div><\/div>\n<\/div><\/div>\n<\/div><\/div><\/div>\n<\/div><\/div>\n\n\n\n<div class=\"wp-block-stackable-columns alignfull stk-block-columns stk-block stk-db2acb2\" data-block-id=\"db2acb2\"><style>.stk-db2acb2 {align-items:center !important;margin-top:var(--stk--preset--spacing--70, 3.38rem) !important;margin-bottom:var(--stk--preset--spacing--70, 3.38rem) !important;display:flex !important;}.stk-db2acb2-column{--stk-columns-spacing:125px !important;}<\/style><div class=\"stk-row stk-inner-blocks stk-block-content stk-content-align stk-db2acb2-column alignwide\">\n<div class=\"wp-block-stackable-column stk-block-column stk-column stk-block stk-cf46680\" data-v=\"4\" data-block-id=\"cf46680\"><div class=\"stk-column-wrapper stk-block-column__content stk-container stk-cf46680-container stk--no-background stk--no-padding\"><div class=\"stk-block-content stk-inner-blocks stk-cf46680-inner-blocks\">\n<div class=\"wp-block-stackable-subtitle stk-block-subtitle stk-block stk-5ae62e9\" data-block-id=\"5ae62e9\"><style>.stk-5ae62e9 .stk-block-subtitle__text{text-transform:uppercase !important;}<\/style><p class=\"stk-block-subtitle__text stk-subtitle has-text-align-center\">SERIES DE DEVOCIONALES ANTERIORES<\/p><\/div>\n\n\n\n<div class=\"wp-block-stackable-button-group stk-block-button-group stk-block stk-6342c35\" data-block-id=\"6342c35\"><div class=\"stk-row stk-inner-blocks has-text-align-center stk-block-content stk-button-group\">\n<div class=\"wp-block-stackable-button stk-block-button is-style-ghost stk-block stk-ffde3fb\" data-block-id=\"ffde3fb\"><style>.stk-ffde3fb .stk-button{padding-top:8px !important;padding-right:40px !important;padding-bottom:8px !important;padding-left:40px !important;background:transparent !important;border-top-left-radius:26px !important;border-top-right-radius:26px !important;border-bottom-right-radius:26px !important;border-bottom-left-radius:26px !important;}.stk-ffde3fb .stk-button:hover:after{background:transparent !important;opacity:1 !important;}:where(.stk-hover-parent:hover,  .stk-hover-parent.stk--is-hovered) .stk-ffde3fb .stk-button:after{background:transparent !important;opacity:1 !important;}.stk-ffde3fb .stk-button:before{border-style:solid !important;border-color:#0f0e17 !important;}.stk-ffde3fb .stk-button__inner-text{color:#0f0e17 !important;}<\/style><a class=\"stk-link stk-button stk--hover-effect-darken\" href=\"\/devotionals\/previous\"><span class=\"has-text-color stk-button__inner-text\">VER AQU\u00cd<\/span><\/a><\/div>\n<\/div><\/div>\n<\/div><\/div><\/div>\n<\/div><\/div>\n\n\n\n<p><\/p>\n","protected":false},"excerpt":{"rendered":"<p>Acomp\u00e1\u00f1anos en Este Recorrido de 28 D\u00edas Esta serie de devocionales comienza el 1 de febrero. Suscr\u00edbete para recibir devocionales diarios por correo electr\u00f3nico haciendo clic abajo.\u00bfPrefieres mensajes de texto? Env\u00eda DEVO al 77069 para recibir los devocionales directamente en tu tel\u00e9fono. Recibir Devocionales Diarios Ver Devocionales Actuales Nota: No es necesario registrarte nuevamente para &hellip; <a href=\"https:\/\/esp.championforest.org\/devotionals\/\" class=\"more-link\">Continue reading <span class=\"screen-reader-text\">Devotionales diarios<\/span><\/a><\/p>\n","protected":false},"author":2,"featured_media":2240,"parent":0,"menu_order":0,"comment_status":"closed","ping_status":"closed","template":"","meta":{"footnotes":""},"class_list":["post-2221","page","type-page","status-publish","has-post-thumbnail","hentry"],"featured_image_urls_v2":{"full":["https:\/\/esp.championforest.org\/devotionals\/wp-content\/uploads\/2026\/01\/NEXTGRADIENT.jpg",1920,1517,false],"thumbnail":["https:\/\/esp.championforest.org\/devotionals\/wp-content\/uploads\/2026\/01\/NEXTGRADIENT-150x150.jpg",150,150,true],"medium":["https:\/\/esp.championforest.org\/devotionals\/wp-content\/uploads\/2026\/01\/NEXTGRADIENT-300x237.jpg",300,237,true],"medium_large":["https:\/\/esp.championforest.org\/devotionals\/wp-content\/uploads\/2026\/01\/NEXTGRADIENT-768x607.jpg",768,607,true],"large":["https:\/\/esp.championforest.org\/devotionals\/wp-content\/uploads\/2026\/01\/NEXTGRADIENT-1024x809.jpg",900,711,true],"1536x1536":["https:\/\/esp.championforest.org\/devotionals\/wp-content\/uploads\/2026\/01\/NEXTGRADIENT-1536x1214.jpg",1536,1214,true],"2048x2048":["https:\/\/esp.championforest.org\/devotionals\/wp-content\/uploads\/2026\/01\/NEXTGRADIENT.jpg",1920,1517,false],"post-thumbnail":["https:\/\/esp.championforest.org\/devotionals\/wp-content\/uploads\/2026\/01\/NEXTGRADIENT-1920x1500.jpg",1920,1500,true]},"post_excerpt_stackable_v2":"<p>Acomp\u00e1\u00f1anos en Este Recorrido de 28 D\u00edas Esta serie de devocionales comienza el 1 de febrero. Suscr\u00edbete para recibir devocionales diarios por correo electr\u00f3nico haciendo clic abajo.\u00bfPrefieres mensajes de texto? Env\u00eda DEVO al 77069 para recibir los devocionales directamente en tu tel\u00e9fono. Recibir Devocionales Diarios Ver Devocionales Actuales Nota: No es necesario registrarte nuevamente para los correos diarios si ya los recibiste anteriormente. Por Qu\u00e9 Hacemos Esto Juntos Los devocionales diarios nos ayudan a disminuir el ritmo lo suficiente para escuchar\u2014a Dios y a los dem\u00e1s. Cuando leemos las Escrituras juntos como iglesia, recordamos que la fe no fue dise\u00f1ada&hellip;<\/p>\n","category_list_v2":"","author_info_v2":{"name":"Champion Forest","url":"https:\/\/esp.championforest.org\/devotionals\/author\/cfbcms_admin\/"},"comments_num_v2":"0 comments","yoast_head":"<!-- This site is optimized with the Yoast SEO plugin v27.3 - https:\/\/yoast.com\/product\/yoast-seo-wordpress\/ -->\n<title>Devotionales diarios - Devocionales<\/title>\n<meta name=\"robots\" content=\"index, follow, max-snippet:-1, max-image-preview:large, max-video-preview:-1\" \/>\n<link rel=\"canonical\" href=\"https:\/\/esp.championforest.org\/devotionals\/\" \/>\n<meta property=\"og:locale\" content=\"en_US\" \/>\n<meta property=\"og:type\" content=\"article\" \/>\n<meta property=\"og:title\" content=\"Devotionales diarios - Devocionales\" \/>\n<meta property=\"og:description\" content=\"Acomp\u00e1\u00f1anos en Este Recorrido de 28 D\u00edas Esta serie de devocionales comienza el 1 de febrero. Suscr\u00edbete para recibir devocionales diarios por correo electr\u00f3nico haciendo clic abajo.\u00bfPrefieres mensajes de texto? Env\u00eda DEVO al 77069 para recibir los devocionales directamente en tu tel\u00e9fono. Recibir Devocionales Diarios Ver Devocionales Actuales Nota: No es necesario registrarte nuevamente para &hellip; Continue reading Devotionales diarios\" \/>\n<meta property=\"og:url\" content=\"https:\/\/esp.championforest.org\/devotionals\/\" \/>\n<meta property=\"og:site_name\" content=\"Devocionales\" \/>\n<meta property=\"article:modified_time\" content=\"2026-01-31T17:37:41+00:00\" \/>\n<meta property=\"og:image\" content=\"https:\/\/esp.championforest.org\/devotionals\/wp-content\/uploads\/2026\/01\/NEXTGRADIENT.jpg\" \/>\n\t<meta property=\"og:image:width\" content=\"1920\" \/>\n\t<meta property=\"og:image:height\" content=\"1517\" \/>\n\t<meta property=\"og:image:type\" content=\"image\/jpeg\" \/>\n<meta name=\"twitter:card\" content=\"summary_large_image\" \/>\n<meta name=\"twitter:label1\" content=\"Est. reading time\" \/>\n\t<meta name=\"twitter:data1\" content=\"1 minute\" \/>\n<script type=\"application\/ld+json\" class=\"yoast-schema-graph\">{\"@context\":\"https:\\\/\\\/schema.org\",\"@graph\":[{\"@type\":\"WebPage\",\"@id\":\"https:\\\/\\\/esp.championforest.org\\\/devotionals\\\/\",\"url\":\"https:\\\/\\\/esp.championforest.org\\\/devotionals\\\/\",\"name\":\"Devotionales diarios - Devocionales\",\"isPartOf\":{\"@id\":\"https:\\\/\\\/esp.championforest.org\\\/devotionals\\\/#website\"},\"primaryImageOfPage\":{\"@id\":\"https:\\\/\\\/esp.championforest.org\\\/devotionals\\\/#primaryimage\"},\"image\":{\"@id\":\"https:\\\/\\\/esp.championforest.org\\\/devotionals\\\/#primaryimage\"},\"thumbnailUrl\":\"https:\\\/\\\/esp.championforest.org\\\/devotionals\\\/wp-content\\\/uploads\\\/2026\\\/01\\\/NEXTGRADIENT.jpg\",\"datePublished\":\"2026-01-31T17:14:49+00:00\",\"dateModified\":\"2026-01-31T17:37:41+00:00\",\"breadcrumb\":{\"@id\":\"https:\\\/\\\/esp.championforest.org\\\/devotionals\\\/#breadcrumb\"},\"inLanguage\":\"en-US\",\"potentialAction\":[{\"@type\":\"ReadAction\",\"target\":[\"https:\\\/\\\/esp.championforest.org\\\/devotionals\\\/\"]}]},{\"@type\":\"ImageObject\",\"inLanguage\":\"en-US\",\"@id\":\"https:\\\/\\\/esp.championforest.org\\\/devotionals\\\/#primaryimage\",\"url\":\"https:\\\/\\\/esp.championforest.org\\\/devotionals\\\/wp-content\\\/uploads\\\/2026\\\/01\\\/NEXTGRADIENT.jpg\",\"contentUrl\":\"https:\\\/\\\/esp.championforest.org\\\/devotionals\\\/wp-content\\\/uploads\\\/2026\\\/01\\\/NEXTGRADIENT.jpg\",\"width\":1920,\"height\":1517},{\"@type\":\"BreadcrumbList\",\"@id\":\"https:\\\/\\\/esp.championforest.org\\\/devotionals\\\/#breadcrumb\",\"itemListElement\":[{\"@type\":\"ListItem\",\"position\":1,\"name\":\"Casa\",\"item\":\"https:\\\/\\\/esp.championforest.org\\\/devotionals\\\/\"},{\"@type\":\"ListItem\",\"position\":2,\"name\":\"Devotionales diarios\"}]},{\"@type\":\"WebSite\",\"@id\":\"https:\\\/\\\/esp.championforest.org\\\/devotionals\\\/#website\",\"url\":\"https:\\\/\\\/esp.championforest.org\\\/devotionals\\\/\",\"name\":\"Devocionales\",\"description\":\"\",\"potentialAction\":[{\"@type\":\"SearchAction\",\"target\":{\"@type\":\"EntryPoint\",\"urlTemplate\":\"https:\\\/\\\/esp.championforest.org\\\/devotionals\\\/?s={search_term_string}\"},\"query-input\":{\"@type\":\"PropertyValueSpecification\",\"valueRequired\":true,\"valueName\":\"search_term_string\"}}],\"inLanguage\":\"en-US\"}]}<\/script>\n<!-- \/ Yoast SEO plugin. -->","yoast_head_json":{"title":"Devotionales diarios - Devocionales","robots":{"index":"index","follow":"follow","max-snippet":"max-snippet:-1","max-image-preview":"max-image-preview:large","max-video-preview":"max-video-preview:-1"},"canonical":"https:\/\/esp.championforest.org\/devotionals\/","og_locale":"en_US","og_type":"article","og_title":"Devotionales diarios - Devocionales","og_description":"Acomp\u00e1\u00f1anos en Este Recorrido de 28 D\u00edas Esta serie de devocionales comienza el 1 de febrero. Suscr\u00edbete para recibir devocionales diarios por correo electr\u00f3nico haciendo clic abajo.\u00bfPrefieres mensajes de texto? Env\u00eda DEVO al 77069 para recibir los devocionales directamente en tu tel\u00e9fono. Recibir Devocionales Diarios Ver Devocionales Actuales Nota: No es necesario registrarte nuevamente para &hellip; Continue reading Devotionales diarios","og_url":"https:\/\/esp.championforest.org\/devotionals\/","og_site_name":"Devocionales","article_modified_time":"2026-01-31T17:37:41+00:00","og_image":[{"width":1920,"height":1517,"url":"https:\/\/esp.championforest.org\/devotionals\/wp-content\/uploads\/2026\/01\/NEXTGRADIENT.jpg","type":"image\/jpeg"}],"twitter_card":"summary_large_image","twitter_misc":{"Est. reading time":"1 minute"},"schema":{"@context":"https:\/\/schema.org","@graph":[{"@type":"WebPage","@id":"https:\/\/esp.championforest.org\/devotionals\/","url":"https:\/\/esp.championforest.org\/devotionals\/","name":"Devotionales diarios - Devocionales","isPartOf":{"@id":"https:\/\/esp.championforest.org\/devotionals\/#website"},"primaryImageOfPage":{"@id":"https:\/\/esp.championforest.org\/devotionals\/#primaryimage"},"image":{"@id":"https:\/\/esp.championforest.org\/devotionals\/#primaryimage"},"thumbnailUrl":"https:\/\/esp.championforest.org\/devotionals\/wp-content\/uploads\/2026\/01\/NEXTGRADIENT.jpg","datePublished":"2026-01-31T17:14:49+00:00","dateModified":"2026-01-31T17:37:41+00:00","breadcrumb":{"@id":"https:\/\/esp.championforest.org\/devotionals\/#breadcrumb"},"inLanguage":"en-US","potentialAction":[{"@type":"ReadAction","target":["https:\/\/esp.championforest.org\/devotionals\/"]}]},{"@type":"ImageObject","inLanguage":"en-US","@id":"https:\/\/esp.championforest.org\/devotionals\/#primaryimage","url":"https:\/\/esp.championforest.org\/devotionals\/wp-content\/uploads\/2026\/01\/NEXTGRADIENT.jpg","contentUrl":"https:\/\/esp.championforest.org\/devotionals\/wp-content\/uploads\/2026\/01\/NEXTGRADIENT.jpg","width":1920,"height":1517},{"@type":"BreadcrumbList","@id":"https:\/\/esp.championforest.org\/devotionals\/#breadcrumb","itemListElement":[{"@type":"ListItem","position":1,"name":"Casa","item":"https:\/\/esp.championforest.org\/devotionals\/"},{"@type":"ListItem","position":2,"name":"Devotionales diarios"}]},{"@type":"WebSite","@id":"https:\/\/esp.championforest.org\/devotionals\/#website","url":"https:\/\/esp.championforest.org\/devotionals\/","name":"Devocionales","description":"","potentialAction":[{"@type":"SearchAction","target":{"@type":"EntryPoint","urlTemplate":"https:\/\/esp.championforest.org\/devotionals\/?s={search_term_string}"},"query-input":{"@type":"PropertyValueSpecification","valueRequired":true,"valueName":"search_term_string"}}],"inLanguage":"en-US"}]}},"_links":{"self":[{"href":"https:\/\/esp.championforest.org\/devotionals\/wp-json\/wp\/v2\/pages\/2221","targetHints":{"allow":["GET"]}}],"collection":[{"href":"https:\/\/esp.championforest.org\/devotionals\/wp-json\/wp\/v2\/pages"}],"about":[{"href":"https:\/\/esp.championforest.org\/devotionals\/wp-json\/wp\/v2\/types\/page"}],"author":[{"embeddable":true,"href":"https:\/\/esp.championforest.org\/devotionals\/wp-json\/wp\/v2\/users\/2"}],"replies":[{"embeddable":true,"href":"https:\/\/esp.championforest.org\/devotionals\/wp-json\/wp\/v2\/comments?post=2221"}],"version-history":[{"count":10,"href":"https:\/\/esp.championforest.org\/devotionals\/wp-json\/wp\/v2\/pages\/2221\/revisions"}],"predecessor-version":[{"id":2243,"href":"https:\/\/esp.championforest.org\/devotionals\/wp-json\/wp\/v2\/pages\/2221\/revisions\/2243"}],"wp:featuredmedia":[{"embeddable":true,"href":"https:\/\/esp.championforest.org\/devotionals\/wp-json\/wp\/v2\/media\/2240"}],"wp:attachment":[{"href":"https:\/\/esp.championforest.org\/devotionals\/wp-json\/wp\/v2\/media?parent=2221"}],"curies":[{"name":"wp","href":"https:\/\/api.w.org\/{rel}","templated":true}]}}